{"id":139,"date":"2021-01-12T16:13:12","date_gmt":"2021-01-12T15:13:12","guid":{"rendered":"http:\/\/photos-infographiste.com\/boutique\/produit\/import-placeholder-for-809\/"},"modified":"2021-05-12T13:33:01","modified_gmt":"2021-05-12T11:33:01","slug":"panorama-de-porspaul-plouarzel","status":"publish","type":"product","link":"https:\/\/photos-infographiste.com\/boutique\/produit\/panorama-de-porspaul-plouarzel\/","title":{"rendered":"Panorama de Porspaul &#8211; Plouarzel"},"content":{"rendered":"","protected":false},"excerpt":{"rendered":"<p>Panorama de Porspaul vue de la c\u00f4te en d\u00e9but de matin\u00e9e, un matin d&#8217;\u00e9t\u00e9 &#8211; Plouarzel, pays d&#8217;Iroise dans le Finist\u00e8re (29)<br \/>\nPanorama de Porspaul \u00e0 Plouarzel<br \/>\nFinist\u00e8re (29)<br \/>\nVue sur le Port<br \/>\nDimensions&nbsp;:153 x 21,5 cm \u2013 300 dpi.<\/p>\n","protected":false},"featured_media":170,"comment_status":"closed","ping_status":"closed","template":"","meta":[],"yoast_head":"<!-- This site is optimized with the Yoast SEO plugin v16.3 - https:\/\/yoast.com\/wordpress\/plugins\/seo\/ -->\n<title>Panorama de Porspaul - Plouarzel - La boutique photos<\/title>\n<meta name=\"description\" content=\"Panorama de Porspaul vue de la c\u00f4te en d\u00e9but de matin\u00e9e, un matin d&#039;\u00e9t\u00e9 - Plouarzel, pays d&#039;Iroise dans le Finist\u00e8re (29)\" \/>\n<meta name=\"robots\" content=\"index, follow, max-snippet:-1, max-image-preview:large, max-video-preview:-1\" \/>\n<link rel=\"canonical\" href=\"https:\/\/photos-infographiste.com\/boutique\/produit\/panorama-de-porspaul-plouarzel\/\" \/>\n<meta property=\"og:locale\" content=\"fr_FR\" \/>\n<meta property=\"og:type\" content=\"article\" \/>\n<meta property=\"og:title\" content=\"Panorama de Porspaul - Plouarzel - La boutique photos\" \/>\n<meta property=\"og:description\" content=\"Panorama de Porspaul vue de la c\u00f4te en d\u00e9but de matin\u00e9e, un matin d&#039;\u00e9t\u00e9 - Plouarzel, pays d&#039;Iroise dans le Finist\u00e8re (29)\" \/>\n<meta property=\"og:url\" content=\"https:\/\/photos-infographiste.com\/boutique\/produit\/panorama-de-porspaul-plouarzel\/\" \/>\n<meta property=\"og:site_name\" content=\"La boutique photos\" \/>\n<meta property=\"article:modified_time\" content=\"2021-05-12T11:33:01+00:00\" \/>\n<meta property=\"og:image\" content=\"https:\/\/photos-infographiste.com\/boutique\/wp-content\/uploads\/2021\/01\/panorama-porspaul.jpg\" \/>\n\t<meta property=\"og:image:width\" content=\"1600\" \/>\n\t<meta property=\"og:image:height\" content=\"226\" \/>\n<meta name=\"twitter:card\" content=\"summary_large_image\" \/>\n<script type=\"application\/ld+json\" class=\"yoast-schema-graph\">{\"@context\":\"https:\/\/schema.org\",\"@graph\":[{\"@type\":\"Organization\",\"@id\":\"https:\/\/photos-infographiste.com\/boutique\/#organization\",\"name\":\"photos-infographiste.com\",\"url\":\"https:\/\/photos-infographiste.com\/boutique\/\",\"sameAs\":[],\"logo\":{\"@type\":\"ImageObject\",\"@id\":\"https:\/\/photos-infographiste.com\/boutique\/#logo\",\"inLanguage\":\"fr-FR\",\"url\":\"https:\/\/photos-infographiste.com\/boutique\/wp-content\/uploads\/2021\/01\/logo-boutique_250-100-v2.png\",\"contentUrl\":\"https:\/\/photos-infographiste.com\/boutique\/wp-content\/uploads\/2021\/01\/logo-boutique_250-100-v2.png\",\"width\":250,\"height\":100,\"caption\":\"photos-infographiste.com\"},\"image\":{\"@id\":\"https:\/\/photos-infographiste.com\/boutique\/#logo\"}},{\"@type\":\"WebSite\",\"@id\":\"https:\/\/photos-infographiste.com\/boutique\/#website\",\"url\":\"https:\/\/photos-infographiste.com\/boutique\/\",\"name\":\"La boutique photos\",\"description\":\"photos-infographiste.com\",\"publisher\":{\"@id\":\"https:\/\/photos-infographiste.com\/boutique\/#organization\"},\"potentialAction\":[{\"@type\":\"SearchAction\",\"target\":\"https:\/\/photos-infographiste.com\/boutique\/?s={search_term_string}\",\"query-input\":\"required name=search_term_string\"}],\"inLanguage\":\"fr-FR\"},{\"@type\":\"ImageObject\",\"@id\":\"https:\/\/photos-infographiste.com\/boutique\/produit\/panorama-de-porspaul-plouarzel\/#primaryimage\",\"inLanguage\":\"fr-FR\",\"url\":\"https:\/\/photos-infographiste.com\/boutique\/wp-content\/uploads\/2021\/01\/panorama-porspaul.jpg\",\"contentUrl\":\"https:\/\/photos-infographiste.com\/boutique\/wp-content\/uploads\/2021\/01\/panorama-porspaul.jpg\",\"width\":1600,\"height\":226,\"caption\":\"Panorama Porspaul Plouarzel\"},{\"@type\":\"WebPage\",\"@id\":\"https:\/\/photos-infographiste.com\/boutique\/produit\/panorama-de-porspaul-plouarzel\/#webpage\",\"url\":\"https:\/\/photos-infographiste.com\/boutique\/produit\/panorama-de-porspaul-plouarzel\/\",\"name\":\"Panorama de Porspaul - Plouarzel - La boutique photos\",\"isPartOf\":{\"@id\":\"https:\/\/photos-infographiste.com\/boutique\/#website\"},\"primaryImageOfPage\":{\"@id\":\"https:\/\/photos-infographiste.com\/boutique\/produit\/panorama-de-porspaul-plouarzel\/#primaryimage\"},\"datePublished\":\"2021-01-12T15:13:12+00:00\",\"dateModified\":\"2021-05-12T11:33:01+00:00\",\"description\":\"Panorama de Porspaul vue de la c\\u00f4te en d\\u00e9but de matin\\u00e9e, un matin d'\\u00e9t\\u00e9 - Plouarzel, pays d'Iroise dans le Finist\\u00e8re (29)\",\"breadcrumb\":{\"@id\":\"https:\/\/photos-infographiste.com\/boutique\/produit\/panorama-de-porspaul-plouarzel\/#breadcrumb\"},\"inLanguage\":\"fr-FR\",\"potentialAction\":[{\"@type\":\"ReadAction\",\"target\":[\"https:\/\/photos-infographiste.com\/boutique\/produit\/panorama-de-porspaul-plouarzel\/\"]}]},{\"@type\":\"BreadcrumbList\",\"@id\":\"https:\/\/photos-infographiste.com\/boutique\/produit\/panorama-de-porspaul-plouarzel\/#breadcrumb\",\"itemListElement\":[{\"@type\":\"ListItem\",\"position\":1,\"item\":{\"@type\":\"WebPage\",\"@id\":\"https:\/\/photos-infographiste.com\/boutique\/\",\"url\":\"https:\/\/photos-infographiste.com\/boutique\/\",\"name\":\"Accueil\"}},{\"@type\":\"ListItem\",\"position\":2,\"item\":{\"@type\":\"WebPage\",\"@id\":\"https:\/\/photos-infographiste.com\/boutique\/\",\"url\":\"https:\/\/photos-infographiste.com\/boutique\/\",\"name\":\"La boutique \\u00e0 photos\"}},{\"@type\":\"ListItem\",\"position\":3,\"item\":{\"@id\":\"https:\/\/photos-infographiste.com\/boutique\/produit\/panorama-de-porspaul-plouarzel\/#webpage\"}}]}]}<\/script>\n<!-- \/ Yoast SEO plugin. -->","_links":{"self":[{"href":"https:\/\/photos-infographiste.com\/boutique\/wp-json\/wp\/v2\/product\/139"}],"collection":[{"href":"https:\/\/photos-infographiste.com\/boutique\/wp-json\/wp\/v2\/product"}],"about":[{"href":"https:\/\/photos-infographiste.com\/boutique\/wp-json\/wp\/v2\/types\/product"}],"replies":[{"embeddable":true,"href":"https:\/\/photos-infographiste.com\/boutique\/wp-json\/wp\/v2\/comments?post=139"}],"wp:featuredmedia":[{"embeddable":true,"href":"https:\/\/photos-infographiste.com\/boutique\/wp-json\/wp\/v2\/media\/170"}],"wp:attachment":[{"href":"https:\/\/photos-infographiste.com\/boutique\/wp-json\/wp\/v2\/media?parent=139"}],"curies":[{"name":"wp","href":"https:\/\/api.w.org\/{rel}","templated":true}]}}