{"id":150,"date":"2021-01-12T16:13:14","date_gmt":"2021-01-12T15:13:14","guid":{"rendered":"http:\/\/photos-infographiste.com\/boutique\/produit\/import-placeholder-for-3162\/"},"modified":"2021-05-24T12:39:47","modified_gmt":"2021-05-24T10:39:47","slug":"panorama-plage-ile-vierge-a-crozon","status":"publish","type":"product","link":"https:\/\/photos-infographiste.com\/boutique\/produit\/panorama-plage-ile-vierge-a-crozon\/","title":{"rendered":"Panorama plage Ile Vierge \u00e0 Crozon"},"content":{"rendered":"<p>Panorama de la Plage de l&#8217;Ile Vierge \u00e0 Saint-Hernot pr\u00e8s de Morgat sur la presqu&#8217;\u00eele de Crozon &#8211; Finist\u00e8re (29).<br \/>\nTaille r\u00e9elle de l\u2019image 1 m x 0,30 m \u00e0 240 dpi.<\/p>\n","protected":false},"excerpt":{"rendered":"<p>Panorama de la Plage de l&#8217;Ile Vierge sur la presqu&#8217;\u00eele de Crozon &#8211; Finist\u00e8re (29).<\/p>\n","protected":false},"featured_media":182,"comment_status":"closed","ping_status":"closed","template":"","meta":[],"yoast_head":"<!-- This site is optimized with the Yoast SEO plugin v16.3 - https:\/\/yoast.com\/wordpress\/plugins\/seo\/ -->\n<title>Panorama plage Ile Vierge \u00e0 Crozon - La boutique photos<\/title>\n<meta name=\"description\" content=\"Panorama de la Plage de l&#039;Ile Vierge \u00e0 Saint-Hernot pr\u00e8s de Morgat sur la presqu&#039;\u00eele de Crozon - Finist\u00e8re\" \/>\n<meta name=\"robots\" content=\"index, follow, max-snippet:-1, max-image-preview:large, max-video-preview:-1\" \/>\n<link rel=\"canonical\" href=\"https:\/\/photos-infographiste.com\/boutique\/produit\/panorama-plage-ile-vierge-a-crozon\/\" \/>\n<meta property=\"og:locale\" content=\"fr_FR\" \/>\n<meta property=\"og:type\" content=\"article\" \/>\n<meta property=\"og:title\" content=\"Panorama plage Ile Vierge \u00e0 Crozon - La boutique photos\" \/>\n<meta property=\"og:description\" content=\"Panorama de la Plage de l&#039;Ile Vierge \u00e0 Saint-Hernot pr\u00e8s de Morgat sur la presqu&#039;\u00eele de Crozon - Finist\u00e8re\" \/>\n<meta property=\"og:url\" content=\"https:\/\/photos-infographiste.com\/boutique\/produit\/panorama-plage-ile-vierge-a-crozon\/\" \/>\n<meta property=\"og:site_name\" content=\"La boutique photos\" \/>\n<meta property=\"article:modified_time\" content=\"2021-05-24T10:39:47+00:00\" \/>\n<meta property=\"og:image\" content=\"https:\/\/photos-infographiste.com\/boutique\/wp-content\/uploads\/2021\/01\/panorama-ile-vierge-crozon_1600.jpg\" \/>\n\t<meta property=\"og:image:width\" content=\"1600\" \/>\n\t<meta property=\"og:image:height\" content=\"495\" \/>\n<meta name=\"twitter:card\" content=\"summary_large_image\" \/>\n<script type=\"application\/ld+json\" class=\"yoast-schema-graph\">{\"@context\":\"https:\/\/schema.org\",\"@graph\":[{\"@type\":\"Organization\",\"@id\":\"https:\/\/photos-infographiste.com\/boutique\/#organization\",\"name\":\"photos-infographiste.com\",\"url\":\"https:\/\/photos-infographiste.com\/boutique\/\",\"sameAs\":[],\"logo\":{\"@type\":\"ImageObject\",\"@id\":\"https:\/\/photos-infographiste.com\/boutique\/#logo\",\"inLanguage\":\"fr-FR\",\"url\":\"https:\/\/photos-infographiste.com\/boutique\/wp-content\/uploads\/2021\/01\/logo-boutique_250-100-v2.png\",\"contentUrl\":\"https:\/\/photos-infographiste.com\/boutique\/wp-content\/uploads\/2021\/01\/logo-boutique_250-100-v2.png\",\"width\":250,\"height\":100,\"caption\":\"photos-infographiste.com\"},\"image\":{\"@id\":\"https:\/\/photos-infographiste.com\/boutique\/#logo\"}},{\"@type\":\"WebSite\",\"@id\":\"https:\/\/photos-infographiste.com\/boutique\/#website\",\"url\":\"https:\/\/photos-infographiste.com\/boutique\/\",\"name\":\"La boutique photos\",\"description\":\"photos-infographiste.com\",\"publisher\":{\"@id\":\"https:\/\/photos-infographiste.com\/boutique\/#organization\"},\"potentialAction\":[{\"@type\":\"SearchAction\",\"target\":\"https:\/\/photos-infographiste.com\/boutique\/?s={search_term_string}\",\"query-input\":\"required name=search_term_string\"}],\"inLanguage\":\"fr-FR\"},{\"@type\":\"ImageObject\",\"@id\":\"https:\/\/photos-infographiste.com\/boutique\/produit\/panorama-plage-ile-vierge-a-crozon\/#primaryimage\",\"inLanguage\":\"fr-FR\",\"url\":\"https:\/\/photos-infographiste.com\/boutique\/wp-content\/uploads\/2021\/01\/panorama-ile-vierge-crozon_1600.jpg\",\"contentUrl\":\"https:\/\/photos-infographiste.com\/boutique\/wp-content\/uploads\/2021\/01\/panorama-ile-vierge-crozon_1600.jpg\",\"width\":1600,\"height\":495,\"caption\":\"Panorama de la plage de l'Ile Vierge \\u00e0 Crozon\"},{\"@type\":\"WebPage\",\"@id\":\"https:\/\/photos-infographiste.com\/boutique\/produit\/panorama-plage-ile-vierge-a-crozon\/#webpage\",\"url\":\"https:\/\/photos-infographiste.com\/boutique\/produit\/panorama-plage-ile-vierge-a-crozon\/\",\"name\":\"Panorama plage Ile Vierge \\u00e0 Crozon - La boutique photos\",\"isPartOf\":{\"@id\":\"https:\/\/photos-infographiste.com\/boutique\/#website\"},\"primaryImageOfPage\":{\"@id\":\"https:\/\/photos-infographiste.com\/boutique\/produit\/panorama-plage-ile-vierge-a-crozon\/#primaryimage\"},\"datePublished\":\"2021-01-12T15:13:14+00:00\",\"dateModified\":\"2021-05-24T10:39:47+00:00\",\"description\":\"Panorama de la Plage de l'Ile Vierge \\u00e0 Saint-Hernot pr\\u00e8s de Morgat sur la presqu'\\u00eele de Crozon - Finist\\u00e8re\",\"breadcrumb\":{\"@id\":\"https:\/\/photos-infographiste.com\/boutique\/produit\/panorama-plage-ile-vierge-a-crozon\/#breadcrumb\"},\"inLanguage\":\"fr-FR\",\"potentialAction\":[{\"@type\":\"ReadAction\",\"target\":[\"https:\/\/photos-infographiste.com\/boutique\/produit\/panorama-plage-ile-vierge-a-crozon\/\"]}]},{\"@type\":\"BreadcrumbList\",\"@id\":\"https:\/\/photos-infographiste.com\/boutique\/produit\/panorama-plage-ile-vierge-a-crozon\/#breadcrumb\",\"itemListElement\":[{\"@type\":\"ListItem\",\"position\":1,\"item\":{\"@type\":\"WebPage\",\"@id\":\"https:\/\/photos-infographiste.com\/boutique\/\",\"url\":\"https:\/\/photos-infographiste.com\/boutique\/\",\"name\":\"Accueil\"}},{\"@type\":\"ListItem\",\"position\":2,\"item\":{\"@type\":\"WebPage\",\"@id\":\"https:\/\/photos-infographiste.com\/boutique\/\",\"url\":\"https:\/\/photos-infographiste.com\/boutique\/\",\"name\":\"La boutique \\u00e0 photos\"}},{\"@type\":\"ListItem\",\"position\":3,\"item\":{\"@id\":\"https:\/\/photos-infographiste.com\/boutique\/produit\/panorama-plage-ile-vierge-a-crozon\/#webpage\"}}]}]}<\/script>\n<!-- \/ Yoast SEO plugin. -->","_links":{"self":[{"href":"https:\/\/photos-infographiste.com\/boutique\/wp-json\/wp\/v2\/product\/150"}],"collection":[{"href":"https:\/\/photos-infographiste.com\/boutique\/wp-json\/wp\/v2\/product"}],"about":[{"href":"https:\/\/photos-infographiste.com\/boutique\/wp-json\/wp\/v2\/types\/product"}],"replies":[{"embeddable":true,"href":"https:\/\/photos-infographiste.com\/boutique\/wp-json\/wp\/v2\/comments?post=150"}],"wp:featuredmedia":[{"embeddable":true,"href":"https:\/\/photos-infographiste.com\/boutique\/wp-json\/wp\/v2\/media\/182"}],"wp:attachment":[{"href":"https:\/\/photos-infographiste.com\/boutique\/wp-json\/wp\/v2\/media?parent=150"}],"curies":[{"name":"wp","href":"https:\/\/api.w.org\/{rel}","templated":true}]}}