{"id":320,"date":"2021-04-06T14:49:15","date_gmt":"2021-04-06T12:49:15","guid":{"rendered":"https:\/\/photos-infographiste.com\/boutique\/?post_type=product&#038;p=320"},"modified":"2021-04-06T14:55:35","modified_gmt":"2021-04-06T12:55:35","slug":"le-conquet-port-vers-ouessant-et-molene","status":"publish","type":"product","link":"https:\/\/photos-infographiste.com\/boutique\/produit\/le-conquet-port-vers-ouessant-et-molene\/","title":{"rendered":"Le Conquet, port vers Ouessant et Mol\u00e8ne"},"content":{"rendered":"","protected":false},"excerpt":{"rendered":"<p>Le Conquet (Finist\u00e8re), en pays d&#8217;Iroise, port de d\u00e9part vers l&#8217;archipel de Mol\u00e8ne : Mol\u00e8ne et Ouessant, En arri\u00e8re plan, la presqu&#8217;ile de Kermorvan<\/p>\n","protected":false},"featured_media":324,"comment_status":"open","ping_status":"closed","template":"","meta":[],"yoast_head":"<!-- This site is optimized with the Yoast SEO plugin v16.3 - https:\/\/yoast.com\/wordpress\/plugins\/seo\/ -->\n<title>Le Conquet, port vers Ouessant et Mol\u00e8ne - La boutique photos<\/title>\n<meta name=\"description\" content=\"Le Conquet (Finist\u00e8re), en pays d&#039;Iroise, port de d\u00e9part vers Mol\u00e8ne et Ouessant, En arri\u00e8re plan, la presqu&#039;ile de Kermorvan\" \/>\n<meta name=\"robots\" content=\"index, follow, max-snippet:-1, max-image-preview:large, max-video-preview:-1\" \/>\n<link rel=\"canonical\" href=\"https:\/\/photos-infographiste.com\/boutique\/produit\/le-conquet-port-vers-ouessant-et-molene\/\" \/>\n<meta property=\"og:locale\" content=\"fr_FR\" \/>\n<meta property=\"og:type\" content=\"article\" \/>\n<meta property=\"og:title\" content=\"Le Conquet, port vers Ouessant et Mol\u00e8ne - La boutique photos\" \/>\n<meta property=\"og:description\" content=\"Le Conquet (Finist\u00e8re), en pays d&#039;Iroise, port de d\u00e9part vers Mol\u00e8ne et Ouessant, En arri\u00e8re plan, la presqu&#039;ile de Kermorvan\" \/>\n<meta property=\"og:url\" content=\"https:\/\/photos-infographiste.com\/boutique\/produit\/le-conquet-port-vers-ouessant-et-molene\/\" \/>\n<meta property=\"og:site_name\" content=\"La boutique photos\" \/>\n<meta property=\"article:modified_time\" content=\"2021-04-06T12:55:35+00:00\" \/>\n<meta property=\"og:image\" content=\"https:\/\/photos-infographiste.com\/boutique\/wp-content\/uploads\/2021\/04\/BRE3821.jpg\" \/>\n\t<meta property=\"og:image:width\" content=\"1024\" \/>\n\t<meta property=\"og:image:height\" content=\"680\" \/>\n<meta name=\"twitter:card\" content=\"summary_large_image\" \/>\n<script type=\"application\/ld+json\" class=\"yoast-schema-graph\">{\"@context\":\"https:\/\/schema.org\",\"@graph\":[{\"@type\":\"Organization\",\"@id\":\"https:\/\/photos-infographiste.com\/boutique\/#organization\",\"name\":\"photos-infographiste.com\",\"url\":\"https:\/\/photos-infographiste.com\/boutique\/\",\"sameAs\":[],\"logo\":{\"@type\":\"ImageObject\",\"@id\":\"https:\/\/photos-infographiste.com\/boutique\/#logo\",\"inLanguage\":\"fr-FR\",\"url\":\"https:\/\/photos-infographiste.com\/boutique\/wp-content\/uploads\/2021\/01\/logo-boutique_250-100-v2.png\",\"contentUrl\":\"https:\/\/photos-infographiste.com\/boutique\/wp-content\/uploads\/2021\/01\/logo-boutique_250-100-v2.png\",\"width\":250,\"height\":100,\"caption\":\"photos-infographiste.com\"},\"image\":{\"@id\":\"https:\/\/photos-infographiste.com\/boutique\/#logo\"}},{\"@type\":\"WebSite\",\"@id\":\"https:\/\/photos-infographiste.com\/boutique\/#website\",\"url\":\"https:\/\/photos-infographiste.com\/boutique\/\",\"name\":\"La boutique photos\",\"description\":\"photos-infographiste.com\",\"publisher\":{\"@id\":\"https:\/\/photos-infographiste.com\/boutique\/#organization\"},\"potentialAction\":[{\"@type\":\"SearchAction\",\"target\":\"https:\/\/photos-infographiste.com\/boutique\/?s={search_term_string}\",\"query-input\":\"required name=search_term_string\"}],\"inLanguage\":\"fr-FR\"},{\"@type\":\"ImageObject\",\"@id\":\"https:\/\/photos-infographiste.com\/boutique\/produit\/le-conquet-port-vers-ouessant-et-molene\/#primaryimage\",\"inLanguage\":\"fr-FR\",\"url\":\"https:\/\/photos-infographiste.com\/boutique\/wp-content\/uploads\/2021\/04\/BRE3821.jpg\",\"contentUrl\":\"https:\/\/photos-infographiste.com\/boutique\/wp-content\/uploads\/2021\/04\/BRE3821.jpg\",\"width\":1024,\"height\":680,\"caption\":\"Le Conquet, port de d\\u00e9part vers l'archipel de Mol\\u00e8ne : Mol\\u00e8ne et Ouessant\"},{\"@type\":\"WebPage\",\"@id\":\"https:\/\/photos-infographiste.com\/boutique\/produit\/le-conquet-port-vers-ouessant-et-molene\/#webpage\",\"url\":\"https:\/\/photos-infographiste.com\/boutique\/produit\/le-conquet-port-vers-ouessant-et-molene\/\",\"name\":\"Le Conquet, port vers Ouessant et Mol\\u00e8ne - La boutique photos\",\"isPartOf\":{\"@id\":\"https:\/\/photos-infographiste.com\/boutique\/#website\"},\"primaryImageOfPage\":{\"@id\":\"https:\/\/photos-infographiste.com\/boutique\/produit\/le-conquet-port-vers-ouessant-et-molene\/#primaryimage\"},\"datePublished\":\"2021-04-06T12:49:15+00:00\",\"dateModified\":\"2021-04-06T12:55:35+00:00\",\"description\":\"Le Conquet (Finist\\u00e8re), en pays d'Iroise, port de d\\u00e9part vers Mol\\u00e8ne et Ouessant, En arri\\u00e8re plan, la presqu'ile de Kermorvan\",\"breadcrumb\":{\"@id\":\"https:\/\/photos-infographiste.com\/boutique\/produit\/le-conquet-port-vers-ouessant-et-molene\/#breadcrumb\"},\"inLanguage\":\"fr-FR\",\"potentialAction\":[{\"@type\":\"ReadAction\",\"target\":[\"https:\/\/photos-infographiste.com\/boutique\/produit\/le-conquet-port-vers-ouessant-et-molene\/\"]}]},{\"@type\":\"BreadcrumbList\",\"@id\":\"https:\/\/photos-infographiste.com\/boutique\/produit\/le-conquet-port-vers-ouessant-et-molene\/#breadcrumb\",\"itemListElement\":[{\"@type\":\"ListItem\",\"position\":1,\"item\":{\"@type\":\"WebPage\",\"@id\":\"https:\/\/photos-infographiste.com\/boutique\/\",\"url\":\"https:\/\/photos-infographiste.com\/boutique\/\",\"name\":\"Accueil\"}},{\"@type\":\"ListItem\",\"position\":2,\"item\":{\"@type\":\"WebPage\",\"@id\":\"https:\/\/photos-infographiste.com\/boutique\/\",\"url\":\"https:\/\/photos-infographiste.com\/boutique\/\",\"name\":\"La boutique \\u00e0 photos\"}},{\"@type\":\"ListItem\",\"position\":3,\"item\":{\"@id\":\"https:\/\/photos-infographiste.com\/boutique\/produit\/le-conquet-port-vers-ouessant-et-molene\/#webpage\"}}]}]}<\/script>\n<!-- \/ Yoast SEO plugin. -->","_links":{"self":[{"href":"https:\/\/photos-infographiste.com\/boutique\/wp-json\/wp\/v2\/product\/320"}],"collection":[{"href":"https:\/\/photos-infographiste.com\/boutique\/wp-json\/wp\/v2\/product"}],"about":[{"href":"https:\/\/photos-infographiste.com\/boutique\/wp-json\/wp\/v2\/types\/product"}],"replies":[{"embeddable":true,"href":"https:\/\/photos-infographiste.com\/boutique\/wp-json\/wp\/v2\/comments?post=320"}],"wp:featuredmedia":[{"embeddable":true,"href":"https:\/\/photos-infographiste.com\/boutique\/wp-json\/wp\/v2\/media\/324"}],"wp:attachment":[{"href":"https:\/\/photos-infographiste.com\/boutique\/wp-json\/wp\/v2\/media?parent=320"}],"curies":[{"name":"wp","href":"https:\/\/api.w.org\/{rel}","templated":true}]}}