{"id":325,"date":"2021-04-07T16:12:48","date_gmt":"2021-04-07T14:12:48","guid":{"rendered":"https:\/\/photos-infographiste.com\/boutique\/?post_type=product&#038;p=325"},"modified":"2023-03-11T08:31:33","modified_gmt":"2023-03-11T07:31:33","slug":"porte-dentree-du-site-archeologique-dangkor","status":"publish","type":"product","link":"https:\/\/photos-infographiste.com\/boutique\/produit\/porte-dentree-du-site-archeologique-dangkor\/","title":{"rendered":"Porte d&#8217;entr\u00e9e du site arch\u00e9ologique d&#8217;Angkor"},"content":{"rendered":"","protected":false},"excerpt":{"rendered":"<p>Porte d&#8217;entr\u00e9e du site arch\u00e9ologique d&#8217;Angkor au Cambodge<\/p>\n","protected":false},"featured_media":329,"comment_status":"open","ping_status":"closed","template":"","meta":[],"yoast_head":"<!-- This site is optimized with the Yoast SEO plugin v16.3 - https:\/\/yoast.com\/wordpress\/plugins\/seo\/ -->\n<title>Porte d&#039;entr\u00e9e du site arch\u00e9ologique d&#039;Angkor - La boutique photos<\/title>\n<meta name=\"description\" content=\"Entour\u00e9e par la v\u00e9g\u00e9tation,une des quatre portes d&#039;entr\u00e9e du site arch\u00e9ologique d&#039;Angkor au Cambodge en Asie du Sud-Est\" \/>\n<meta name=\"robots\" content=\"index, follow, max-snippet:-1, max-image-preview:large, max-video-preview:-1\" \/>\n<link rel=\"canonical\" href=\"https:\/\/photos-infographiste.com\/boutique\/produit\/porte-dentree-du-site-archeologique-dangkor\/\" \/>\n<meta property=\"og:locale\" content=\"fr_FR\" \/>\n<meta property=\"og:type\" content=\"article\" \/>\n<meta property=\"og:title\" content=\"Porte d&#039;entr\u00e9e du site arch\u00e9ologique d&#039;Angkor - La boutique photos\" \/>\n<meta property=\"og:description\" content=\"Entour\u00e9e par la v\u00e9g\u00e9tation,une des quatre portes d&#039;entr\u00e9e du site arch\u00e9ologique d&#039;Angkor au Cambodge en Asie du Sud-Est\" \/>\n<meta property=\"og:url\" content=\"https:\/\/photos-infographiste.com\/boutique\/produit\/porte-dentree-du-site-archeologique-dangkor\/\" \/>\n<meta property=\"og:site_name\" content=\"La boutique photos\" \/>\n<meta property=\"article:modified_time\" content=\"2023-03-11T07:31:33+00:00\" \/>\n<meta property=\"og:image\" content=\"https:\/\/photos-infographiste.com\/boutique\/wp-content\/uploads\/2021\/04\/ANG2828.jpg\" \/>\n\t<meta property=\"og:image:width\" content=\"600\" \/>\n\t<meta property=\"og:image:height\" content=\"903\" \/>\n<meta name=\"twitter:card\" content=\"summary_large_image\" \/>\n<script type=\"application\/ld+json\" class=\"yoast-schema-graph\">{\"@context\":\"https:\/\/schema.org\",\"@graph\":[{\"@type\":\"Organization\",\"@id\":\"https:\/\/photos-infographiste.com\/boutique\/#organization\",\"name\":\"photos-infographiste.com\",\"url\":\"https:\/\/photos-infographiste.com\/boutique\/\",\"sameAs\":[],\"logo\":{\"@type\":\"ImageObject\",\"@id\":\"https:\/\/photos-infographiste.com\/boutique\/#logo\",\"inLanguage\":\"fr-FR\",\"url\":\"https:\/\/photos-infographiste.com\/boutique\/wp-content\/uploads\/2021\/01\/logo-boutique_250-100-v2.png\",\"contentUrl\":\"https:\/\/photos-infographiste.com\/boutique\/wp-content\/uploads\/2021\/01\/logo-boutique_250-100-v2.png\",\"width\":250,\"height\":100,\"caption\":\"photos-infographiste.com\"},\"image\":{\"@id\":\"https:\/\/photos-infographiste.com\/boutique\/#logo\"}},{\"@type\":\"WebSite\",\"@id\":\"https:\/\/photos-infographiste.com\/boutique\/#website\",\"url\":\"https:\/\/photos-infographiste.com\/boutique\/\",\"name\":\"La boutique photos\",\"description\":\"photos-infographiste.com\",\"publisher\":{\"@id\":\"https:\/\/photos-infographiste.com\/boutique\/#organization\"},\"potentialAction\":[{\"@type\":\"SearchAction\",\"target\":\"https:\/\/photos-infographiste.com\/boutique\/?s={search_term_string}\",\"query-input\":\"required name=search_term_string\"}],\"inLanguage\":\"fr-FR\"},{\"@type\":\"ImageObject\",\"@id\":\"https:\/\/photos-infographiste.com\/boutique\/produit\/porte-dentree-du-site-archeologique-dangkor\/#primaryimage\",\"inLanguage\":\"fr-FR\",\"url\":\"https:\/\/photos-infographiste.com\/boutique\/wp-content\/uploads\/2021\/04\/ANG2828.jpg\",\"contentUrl\":\"https:\/\/photos-infographiste.com\/boutique\/wp-content\/uploads\/2021\/04\/ANG2828.jpg\",\"width\":600,\"height\":903,\"caption\":\"Porte du site arch\\u00e9ologique d'angkor\"},{\"@type\":\"WebPage\",\"@id\":\"https:\/\/photos-infographiste.com\/boutique\/produit\/porte-dentree-du-site-archeologique-dangkor\/#webpage\",\"url\":\"https:\/\/photos-infographiste.com\/boutique\/produit\/porte-dentree-du-site-archeologique-dangkor\/\",\"name\":\"Porte d'entr\\u00e9e du site arch\\u00e9ologique d'Angkor - La boutique photos\",\"isPartOf\":{\"@id\":\"https:\/\/photos-infographiste.com\/boutique\/#website\"},\"primaryImageOfPage\":{\"@id\":\"https:\/\/photos-infographiste.com\/boutique\/produit\/porte-dentree-du-site-archeologique-dangkor\/#primaryimage\"},\"datePublished\":\"2021-04-07T14:12:48+00:00\",\"dateModified\":\"2023-03-11T07:31:33+00:00\",\"description\":\"Entour\\u00e9e par la v\\u00e9g\\u00e9tation,une des quatre portes d'entr\\u00e9e du site arch\\u00e9ologique d'Angkor au Cambodge en Asie du Sud-Est\",\"breadcrumb\":{\"@id\":\"https:\/\/photos-infographiste.com\/boutique\/produit\/porte-dentree-du-site-archeologique-dangkor\/#breadcrumb\"},\"inLanguage\":\"fr-FR\",\"potentialAction\":[{\"@type\":\"ReadAction\",\"target\":[\"https:\/\/photos-infographiste.com\/boutique\/produit\/porte-dentree-du-site-archeologique-dangkor\/\"]}]},{\"@type\":\"BreadcrumbList\",\"@id\":\"https:\/\/photos-infographiste.com\/boutique\/produit\/porte-dentree-du-site-archeologique-dangkor\/#breadcrumb\",\"itemListElement\":[{\"@type\":\"ListItem\",\"position\":1,\"item\":{\"@type\":\"WebPage\",\"@id\":\"https:\/\/photos-infographiste.com\/boutique\/\",\"url\":\"https:\/\/photos-infographiste.com\/boutique\/\",\"name\":\"Accueil\"}},{\"@type\":\"ListItem\",\"position\":2,\"item\":{\"@type\":\"WebPage\",\"@id\":\"https:\/\/photos-infographiste.com\/boutique\/\",\"url\":\"https:\/\/photos-infographiste.com\/boutique\/\",\"name\":\"La boutique \\u00e0 photos\"}},{\"@type\":\"ListItem\",\"position\":3,\"item\":{\"@id\":\"https:\/\/photos-infographiste.com\/boutique\/produit\/porte-dentree-du-site-archeologique-dangkor\/#webpage\"}}]}]}<\/script>\n<!-- \/ Yoast SEO plugin. -->","_links":{"self":[{"href":"https:\/\/photos-infographiste.com\/boutique\/wp-json\/wp\/v2\/product\/325"}],"collection":[{"href":"https:\/\/photos-infographiste.com\/boutique\/wp-json\/wp\/v2\/product"}],"about":[{"href":"https:\/\/photos-infographiste.com\/boutique\/wp-json\/wp\/v2\/types\/product"}],"replies":[{"embeddable":true,"href":"https:\/\/photos-infographiste.com\/boutique\/wp-json\/wp\/v2\/comments?post=325"}],"wp:featuredmedia":[{"embeddable":true,"href":"https:\/\/photos-infographiste.com\/boutique\/wp-json\/wp\/v2\/media\/329"}],"wp:attachment":[{"href":"https:\/\/photos-infographiste.com\/boutique\/wp-json\/wp\/v2\/media?parent=325"}],"curies":[{"name":"wp","href":"https:\/\/api.w.org\/{rel}","templated":true}]}}