{"id":336,"date":"2021-04-21T14:23:41","date_gmt":"2021-04-21T12:23:41","guid":{"rendered":"https:\/\/photos-infographiste.com\/boutique\/?post_type=product&#038;p=336"},"modified":"2021-05-24T14:12:51","modified_gmt":"2021-05-24T12:12:51","slug":"le-phare-de-la-presquile-de-kermorvan-le-conquet","status":"publish","type":"product","link":"https:\/\/photos-infographiste.com\/boutique\/produit\/le-phare-de-la-presquile-de-kermorvan-le-conquet\/","title":{"rendered":"Le phare de la presqu&#8217;ile de Kermorvan &#8211; Le Conquet"},"content":{"rendered":"","protected":false},"excerpt":{"rendered":"<p>Le phare de la presqu&#8217;\u00eele de Kermorvan &#8211; Le Conquet, au loin en arri\u00e8re plan l&#8217;ile de Mol\u00e8ne &#8211; Pays d&#8217;Iroise (Finist\u00e8re &#8211; 29)<\/p>\n","protected":false},"featured_media":340,"comment_status":"open","ping_status":"closed","template":"","meta":[],"yoast_head":"<!-- This site is optimized with the Yoast SEO plugin v16.3 - https:\/\/yoast.com\/wordpress\/plugins\/seo\/ -->\n<title>Le phare de la presqu&#039;ile de Kermorvan - Le Conquet - La boutique photos<\/title>\n<meta name=\"description\" content=\"Le phare de la presqu&#039;\u00eele de Kermorvan - Le Conquet, au loin en arri\u00e8re plan l&#039;ile de Mol\u00e8ne - Pays d&#039;Iroise (Finist\u00e8re - 29)\" \/>\n<meta name=\"robots\" content=\"index, follow, max-snippet:-1, max-image-preview:large, max-video-preview:-1\" \/>\n<link rel=\"canonical\" href=\"https:\/\/photos-infographiste.com\/boutique\/produit\/le-phare-de-la-presquile-de-kermorvan-le-conquet\/\" \/>\n<meta property=\"og:locale\" content=\"fr_FR\" \/>\n<meta property=\"og:type\" content=\"article\" \/>\n<meta property=\"og:title\" content=\"Le phare de la presqu&#039;ile de Kermorvan - Le Conquet - La boutique photos\" \/>\n<meta property=\"og:description\" content=\"Le phare de la presqu&#039;\u00eele de Kermorvan - Le Conquet, au loin en arri\u00e8re plan l&#039;ile de Mol\u00e8ne - Pays d&#039;Iroise (Finist\u00e8re - 29)\" \/>\n<meta property=\"og:url\" content=\"https:\/\/photos-infographiste.com\/boutique\/produit\/le-phare-de-la-presquile-de-kermorvan-le-conquet\/\" \/>\n<meta property=\"og:site_name\" content=\"La boutique photos\" \/>\n<meta property=\"article:modified_time\" content=\"2021-05-24T12:12:51+00:00\" \/>\n<meta property=\"og:image\" content=\"https:\/\/photos-infographiste.com\/boutique\/wp-content\/uploads\/2021\/04\/BRE5689-5690-1200.jpg\" \/>\n\t<meta property=\"og:image:width\" content=\"1200\" \/>\n\t<meta property=\"og:image:height\" content=\"956\" \/>\n<meta name=\"twitter:card\" content=\"summary_large_image\" \/>\n<script type=\"application\/ld+json\" class=\"yoast-schema-graph\">{\"@context\":\"https:\/\/schema.org\",\"@graph\":[{\"@type\":\"Organization\",\"@id\":\"https:\/\/photos-infographiste.com\/boutique\/#organization\",\"name\":\"photos-infographiste.com\",\"url\":\"https:\/\/photos-infographiste.com\/boutique\/\",\"sameAs\":[],\"logo\":{\"@type\":\"ImageObject\",\"@id\":\"https:\/\/photos-infographiste.com\/boutique\/#logo\",\"inLanguage\":\"fr-FR\",\"url\":\"https:\/\/photos-infographiste.com\/boutique\/wp-content\/uploads\/2021\/01\/logo-boutique_250-100-v2.png\",\"contentUrl\":\"https:\/\/photos-infographiste.com\/boutique\/wp-content\/uploads\/2021\/01\/logo-boutique_250-100-v2.png\",\"width\":250,\"height\":100,\"caption\":\"photos-infographiste.com\"},\"image\":{\"@id\":\"https:\/\/photos-infographiste.com\/boutique\/#logo\"}},{\"@type\":\"WebSite\",\"@id\":\"https:\/\/photos-infographiste.com\/boutique\/#website\",\"url\":\"https:\/\/photos-infographiste.com\/boutique\/\",\"name\":\"La boutique photos\",\"description\":\"photos-infographiste.com\",\"publisher\":{\"@id\":\"https:\/\/photos-infographiste.com\/boutique\/#organization\"},\"potentialAction\":[{\"@type\":\"SearchAction\",\"target\":\"https:\/\/photos-infographiste.com\/boutique\/?s={search_term_string}\",\"query-input\":\"required name=search_term_string\"}],\"inLanguage\":\"fr-FR\"},{\"@type\":\"ImageObject\",\"@id\":\"https:\/\/photos-infographiste.com\/boutique\/produit\/le-phare-de-la-presquile-de-kermorvan-le-conquet\/#primaryimage\",\"inLanguage\":\"fr-FR\",\"url\":\"https:\/\/photos-infographiste.com\/boutique\/wp-content\/uploads\/2021\/04\/BRE5689-5690-1200.jpg\",\"contentUrl\":\"https:\/\/photos-infographiste.com\/boutique\/wp-content\/uploads\/2021\/04\/BRE5689-5690-1200.jpg\",\"width\":1200,\"height\":956,\"caption\":\"La presqu'ile de Kermoravan\"},{\"@type\":\"WebPage\",\"@id\":\"https:\/\/photos-infographiste.com\/boutique\/produit\/le-phare-de-la-presquile-de-kermorvan-le-conquet\/#webpage\",\"url\":\"https:\/\/photos-infographiste.com\/boutique\/produit\/le-phare-de-la-presquile-de-kermorvan-le-conquet\/\",\"name\":\"Le phare de la presqu'ile de Kermorvan - Le Conquet - La boutique photos\",\"isPartOf\":{\"@id\":\"https:\/\/photos-infographiste.com\/boutique\/#website\"},\"primaryImageOfPage\":{\"@id\":\"https:\/\/photos-infographiste.com\/boutique\/produit\/le-phare-de-la-presquile-de-kermorvan-le-conquet\/#primaryimage\"},\"datePublished\":\"2021-04-21T12:23:41+00:00\",\"dateModified\":\"2021-05-24T12:12:51+00:00\",\"description\":\"Le phare de la presqu'\\u00eele de Kermorvan - Le Conquet, au loin en arri\\u00e8re plan l'ile de Mol\\u00e8ne - Pays d'Iroise (Finist\\u00e8re - 29)\",\"breadcrumb\":{\"@id\":\"https:\/\/photos-infographiste.com\/boutique\/produit\/le-phare-de-la-presquile-de-kermorvan-le-conquet\/#breadcrumb\"},\"inLanguage\":\"fr-FR\",\"potentialAction\":[{\"@type\":\"ReadAction\",\"target\":[\"https:\/\/photos-infographiste.com\/boutique\/produit\/le-phare-de-la-presquile-de-kermorvan-le-conquet\/\"]}]},{\"@type\":\"BreadcrumbList\",\"@id\":\"https:\/\/photos-infographiste.com\/boutique\/produit\/le-phare-de-la-presquile-de-kermorvan-le-conquet\/#breadcrumb\",\"itemListElement\":[{\"@type\":\"ListItem\",\"position\":1,\"item\":{\"@type\":\"WebPage\",\"@id\":\"https:\/\/photos-infographiste.com\/boutique\/\",\"url\":\"https:\/\/photos-infographiste.com\/boutique\/\",\"name\":\"Accueil\"}},{\"@type\":\"ListItem\",\"position\":2,\"item\":{\"@type\":\"WebPage\",\"@id\":\"https:\/\/photos-infographiste.com\/boutique\/\",\"url\":\"https:\/\/photos-infographiste.com\/boutique\/\",\"name\":\"La boutique \\u00e0 photos\"}},{\"@type\":\"ListItem\",\"position\":3,\"item\":{\"@id\":\"https:\/\/photos-infographiste.com\/boutique\/produit\/le-phare-de-la-presquile-de-kermorvan-le-conquet\/#webpage\"}}]}]}<\/script>\n<!-- \/ Yoast SEO plugin. -->","_links":{"self":[{"href":"https:\/\/photos-infographiste.com\/boutique\/wp-json\/wp\/v2\/product\/336"}],"collection":[{"href":"https:\/\/photos-infographiste.com\/boutique\/wp-json\/wp\/v2\/product"}],"about":[{"href":"https:\/\/photos-infographiste.com\/boutique\/wp-json\/wp\/v2\/types\/product"}],"replies":[{"embeddable":true,"href":"https:\/\/photos-infographiste.com\/boutique\/wp-json\/wp\/v2\/comments?post=336"}],"wp:featuredmedia":[{"embeddable":true,"href":"https:\/\/photos-infographiste.com\/boutique\/wp-json\/wp\/v2\/media\/340"}],"wp:attachment":[{"href":"https:\/\/photos-infographiste.com\/boutique\/wp-json\/wp\/v2\/media?parent=336"}],"curies":[{"name":"wp","href":"https:\/\/api.w.org\/{rel}","templated":true}]}}