{"id":374,"date":"2021-05-08T12:31:09","date_gmt":"2021-05-08T10:31:09","guid":{"rendered":"https:\/\/photos-infographiste.com\/boutique\/?post_type=product&#038;p=374"},"modified":"2021-05-08T13:03:22","modified_gmt":"2021-05-08T11:03:22","slug":"la-statue-du-chat-et-de-la-souris-songkhla","status":"publish","type":"product","link":"https:\/\/photos-infographiste.com\/boutique\/produit\/la-statue-du-chat-et-de-la-souris-songkhla\/","title":{"rendered":"La statue du chat et de la souris &#8211; Songkhla"},"content":{"rendered":"","protected":false},"excerpt":{"rendered":"<p>Songkhla &#8211; La statue du Chat et de la Souris repr\u00e9sente les iles aux larges tr\u00e8s ressemblantes \u00e0 ces animaux. A 200&nbsp;m, se trouve la statue de la <a href=\"?p=379\" title=\"la statue de la sir\u00e8ne dor\u00e9e\">sir\u00e8ne<\/a>, sur cette photo on peut voir les deux iles.<br \/>\nEn savoir plus sur <a href=\"https:\/\/fr.wikipedia.org\/wiki\/La_Petite_Sir%C3%A8ne_(Songkhla)\" target=\"_blank\" title=\"la sir\u00e8ne dor\u00e9e sur Wikip\u00e9dia\" rel=\"noopener\">Wikip\u00e9dia<\/a><\/p>\n","protected":false},"featured_media":378,"comment_status":"open","ping_status":"closed","template":"","meta":[],"yoast_head":"<!-- This site is optimized with the Yoast SEO plugin v16.3 - https:\/\/yoast.com\/wordpress\/plugins\/seo\/ -->\n<title>La statue du chat et de la souris - Songkhla - La boutique photos<\/title>\n<meta name=\"description\" content=\"Songkhla, ville c\u00f4ti\u00e8re du golf de Siam. La statue du Chat et de la Souris repr\u00e9sente les iles aux larges tr\u00e8s ressemblantes \u00e0 ces animaux\" \/>\n<meta name=\"robots\" content=\"index, follow, max-snippet:-1, max-image-preview:large, max-video-preview:-1\" \/>\n<link rel=\"canonical\" href=\"https:\/\/photos-infographiste.com\/boutique\/produit\/la-statue-du-chat-et-de-la-souris-songkhla\/\" \/>\n<meta property=\"og:locale\" content=\"fr_FR\" \/>\n<meta property=\"og:type\" content=\"article\" \/>\n<meta property=\"og:title\" content=\"La statue du chat et de la souris - Songkhla - La boutique photos\" \/>\n<meta property=\"og:description\" content=\"Songkhla, ville c\u00f4ti\u00e8re du golf de Siam. La statue du Chat et de la Souris repr\u00e9sente les iles aux larges tr\u00e8s ressemblantes \u00e0 ces animaux\" \/>\n<meta property=\"og:url\" content=\"https:\/\/photos-infographiste.com\/boutique\/produit\/la-statue-du-chat-et-de-la-souris-songkhla\/\" \/>\n<meta property=\"og:site_name\" content=\"La boutique photos\" \/>\n<meta property=\"article:modified_time\" content=\"2021-05-08T11:03:22+00:00\" \/>\n<meta property=\"og:image\" content=\"https:\/\/photos-infographiste.com\/boutique\/wp-content\/uploads\/2021\/05\/12043419.jpg\" \/>\n\t<meta property=\"og:image:width\" content=\"1024\" \/>\n\t<meta property=\"og:image:height\" content=\"674\" \/>\n<meta name=\"twitter:card\" content=\"summary_large_image\" \/>\n<script type=\"application\/ld+json\" class=\"yoast-schema-graph\">{\"@context\":\"https:\/\/schema.org\",\"@graph\":[{\"@type\":\"Organization\",\"@id\":\"https:\/\/photos-infographiste.com\/boutique\/#organization\",\"name\":\"photos-infographiste.com\",\"url\":\"https:\/\/photos-infographiste.com\/boutique\/\",\"sameAs\":[],\"logo\":{\"@type\":\"ImageObject\",\"@id\":\"https:\/\/photos-infographiste.com\/boutique\/#logo\",\"inLanguage\":\"fr-FR\",\"url\":\"https:\/\/photos-infographiste.com\/boutique\/wp-content\/uploads\/2021\/01\/logo-boutique_250-100-v2.png\",\"contentUrl\":\"https:\/\/photos-infographiste.com\/boutique\/wp-content\/uploads\/2021\/01\/logo-boutique_250-100-v2.png\",\"width\":250,\"height\":100,\"caption\":\"photos-infographiste.com\"},\"image\":{\"@id\":\"https:\/\/photos-infographiste.com\/boutique\/#logo\"}},{\"@type\":\"WebSite\",\"@id\":\"https:\/\/photos-infographiste.com\/boutique\/#website\",\"url\":\"https:\/\/photos-infographiste.com\/boutique\/\",\"name\":\"La boutique photos\",\"description\":\"photos-infographiste.com\",\"publisher\":{\"@id\":\"https:\/\/photos-infographiste.com\/boutique\/#organization\"},\"potentialAction\":[{\"@type\":\"SearchAction\",\"target\":\"https:\/\/photos-infographiste.com\/boutique\/?s={search_term_string}\",\"query-input\":\"required name=search_term_string\"}],\"inLanguage\":\"fr-FR\"},{\"@type\":\"ImageObject\",\"@id\":\"https:\/\/photos-infographiste.com\/boutique\/produit\/la-statue-du-chat-et-de-la-souris-songkhla\/#primaryimage\",\"inLanguage\":\"fr-FR\",\"url\":\"https:\/\/photos-infographiste.com\/boutique\/wp-content\/uploads\/2021\/05\/12043419.jpg\",\"contentUrl\":\"https:\/\/photos-infographiste.com\/boutique\/wp-content\/uploads\/2021\/05\/12043419.jpg\",\"width\":1024,\"height\":674,\"caption\":\"la statue du chat et de la souris - Songkhla\"},{\"@type\":\"WebPage\",\"@id\":\"https:\/\/photos-infographiste.com\/boutique\/produit\/la-statue-du-chat-et-de-la-souris-songkhla\/#webpage\",\"url\":\"https:\/\/photos-infographiste.com\/boutique\/produit\/la-statue-du-chat-et-de-la-souris-songkhla\/\",\"name\":\"La statue du chat et de la souris - Songkhla - La boutique photos\",\"isPartOf\":{\"@id\":\"https:\/\/photos-infographiste.com\/boutique\/#website\"},\"primaryImageOfPage\":{\"@id\":\"https:\/\/photos-infographiste.com\/boutique\/produit\/la-statue-du-chat-et-de-la-souris-songkhla\/#primaryimage\"},\"datePublished\":\"2021-05-08T10:31:09+00:00\",\"dateModified\":\"2021-05-08T11:03:22+00:00\",\"description\":\"Songkhla, ville c\\u00f4ti\\u00e8re du golf de Siam. La statue du Chat et de la Souris repr\\u00e9sente les iles aux larges tr\\u00e8s ressemblantes \\u00e0 ces animaux\",\"breadcrumb\":{\"@id\":\"https:\/\/photos-infographiste.com\/boutique\/produit\/la-statue-du-chat-et-de-la-souris-songkhla\/#breadcrumb\"},\"inLanguage\":\"fr-FR\",\"potentialAction\":[{\"@type\":\"ReadAction\",\"target\":[\"https:\/\/photos-infographiste.com\/boutique\/produit\/la-statue-du-chat-et-de-la-souris-songkhla\/\"]}]},{\"@type\":\"BreadcrumbList\",\"@id\":\"https:\/\/photos-infographiste.com\/boutique\/produit\/la-statue-du-chat-et-de-la-souris-songkhla\/#breadcrumb\",\"itemListElement\":[{\"@type\":\"ListItem\",\"position\":1,\"item\":{\"@type\":\"WebPage\",\"@id\":\"https:\/\/photos-infographiste.com\/boutique\/\",\"url\":\"https:\/\/photos-infographiste.com\/boutique\/\",\"name\":\"Accueil\"}},{\"@type\":\"ListItem\",\"position\":2,\"item\":{\"@type\":\"WebPage\",\"@id\":\"https:\/\/photos-infographiste.com\/boutique\/\",\"url\":\"https:\/\/photos-infographiste.com\/boutique\/\",\"name\":\"La boutique \\u00e0 photos\"}},{\"@type\":\"ListItem\",\"position\":3,\"item\":{\"@id\":\"https:\/\/photos-infographiste.com\/boutique\/produit\/la-statue-du-chat-et-de-la-souris-songkhla\/#webpage\"}}]}]}<\/script>\n<!-- \/ Yoast SEO plugin. -->","_links":{"self":[{"href":"https:\/\/photos-infographiste.com\/boutique\/wp-json\/wp\/v2\/product\/374"}],"collection":[{"href":"https:\/\/photos-infographiste.com\/boutique\/wp-json\/wp\/v2\/product"}],"about":[{"href":"https:\/\/photos-infographiste.com\/boutique\/wp-json\/wp\/v2\/types\/product"}],"replies":[{"embeddable":true,"href":"https:\/\/photos-infographiste.com\/boutique\/wp-json\/wp\/v2\/comments?post=374"}],"wp:featuredmedia":[{"embeddable":true,"href":"https:\/\/photos-infographiste.com\/boutique\/wp-json\/wp\/v2\/media\/378"}],"wp:attachment":[{"href":"https:\/\/photos-infographiste.com\/boutique\/wp-json\/wp\/v2\/media?parent=374"}],"curies":[{"name":"wp","href":"https:\/\/api.w.org\/{rel}","templated":true}]}}