{"id":379,"date":"2021-05-08T12:49:33","date_gmt":"2021-05-08T10:49:33","guid":{"rendered":"https:\/\/photos-infographiste.com\/boutique\/?post_type=product&#038;p=379"},"modified":"2021-05-08T13:02:18","modified_gmt":"2021-05-08T11:02:18","slug":"la-statue-de-la-petite-sirene-songkhla","status":"publish","type":"product","link":"https:\/\/photos-infographiste.com\/boutique\/produit\/la-statue-de-la-petite-sirene-songkhla\/","title":{"rendered":"La statue de la petite sir\u00e8ne &#8211; Songkhla"},"content":{"rendered":"","protected":false},"excerpt":{"rendered":"<p>La Petite Sir\u00e8ne dor\u00e9e est une statue situ\u00e9e sur la plage de Samila \u00e0 Songkhla, dans le sud de la Tha\u00eflande.<br \/>\nLa plage a \u00e9t\u00e9 nomm\u00e9e d\u2019apr\u00e8s une l\u00e9gende, celle d\u2019une sir\u00e8ne qui serait apparue \u00e0 un p\u00eacheur alors qu\u2019elle se peignait les cheveux.  A 200&nbsp;m, se trouve la statue de la sir\u00e8ne, se trouve la statue du <a href=\"?p=374\" title=\"la statue du chat et de la souris\">La statue du chat et de la Souris<\/a>, qui symbolisent les deux iles.<\/p>\n","protected":false},"featured_media":384,"comment_status":"open","ping_status":"closed","template":"","meta":[],"yoast_head":"<!-- This site is optimized with the Yoast SEO plugin v16.3 - https:\/\/yoast.com\/wordpress\/plugins\/seo\/ -->\n<title>La statue de la petite sir\u00e8ne - Songkhla - La boutique photos<\/title>\n<meta name=\"description\" content=\"Songkhla, ville c\u00f4ti\u00e8re du golf de Siam. La statue de la petite sir\u00e8ne dor\u00e9e, vieille l\u00e9gende tha\u00eflandaise - histoire d&#039;un vieux p\u00eacheur ...\" \/>\n<meta name=\"robots\" content=\"index, follow, max-snippet:-1, max-image-preview:large, max-video-preview:-1\" \/>\n<link rel=\"canonical\" href=\"https:\/\/photos-infographiste.com\/boutique\/produit\/la-statue-de-la-petite-sirene-songkhla\/\" \/>\n<meta property=\"og:locale\" content=\"fr_FR\" \/>\n<meta property=\"og:type\" content=\"article\" \/>\n<meta property=\"og:title\" content=\"La statue de la petite sir\u00e8ne - Songkhla - La boutique photos\" \/>\n<meta property=\"og:description\" content=\"Songkhla, ville c\u00f4ti\u00e8re du golf de Siam. La statue de la petite sir\u00e8ne dor\u00e9e, vieille l\u00e9gende tha\u00eflandaise - histoire d&#039;un vieux p\u00eacheur ...\" \/>\n<meta property=\"og:url\" content=\"https:\/\/photos-infographiste.com\/boutique\/produit\/la-statue-de-la-petite-sirene-songkhla\/\" \/>\n<meta property=\"og:site_name\" content=\"La boutique photos\" \/>\n<meta property=\"article:modified_time\" content=\"2021-05-08T11:02:18+00:00\" \/>\n<meta property=\"og:image\" content=\"https:\/\/photos-infographiste.com\/boutique\/wp-content\/uploads\/2021\/05\/12043126.jpg\" \/>\n\t<meta property=\"og:image:width\" content=\"1024\" \/>\n\t<meta property=\"og:image:height\" content=\"678\" \/>\n<meta name=\"twitter:card\" content=\"summary_large_image\" \/>\n<script type=\"application\/ld+json\" class=\"yoast-schema-graph\">{\"@context\":\"https:\/\/schema.org\",\"@graph\":[{\"@type\":\"Organization\",\"@id\":\"https:\/\/photos-infographiste.com\/boutique\/#organization\",\"name\":\"photos-infographiste.com\",\"url\":\"https:\/\/photos-infographiste.com\/boutique\/\",\"sameAs\":[],\"logo\":{\"@type\":\"ImageObject\",\"@id\":\"https:\/\/photos-infographiste.com\/boutique\/#logo\",\"inLanguage\":\"fr-FR\",\"url\":\"https:\/\/photos-infographiste.com\/boutique\/wp-content\/uploads\/2021\/01\/logo-boutique_250-100-v2.png\",\"contentUrl\":\"https:\/\/photos-infographiste.com\/boutique\/wp-content\/uploads\/2021\/01\/logo-boutique_250-100-v2.png\",\"width\":250,\"height\":100,\"caption\":\"photos-infographiste.com\"},\"image\":{\"@id\":\"https:\/\/photos-infographiste.com\/boutique\/#logo\"}},{\"@type\":\"WebSite\",\"@id\":\"https:\/\/photos-infographiste.com\/boutique\/#website\",\"url\":\"https:\/\/photos-infographiste.com\/boutique\/\",\"name\":\"La boutique photos\",\"description\":\"photos-infographiste.com\",\"publisher\":{\"@id\":\"https:\/\/photos-infographiste.com\/boutique\/#organization\"},\"potentialAction\":[{\"@type\":\"SearchAction\",\"target\":\"https:\/\/photos-infographiste.com\/boutique\/?s={search_term_string}\",\"query-input\":\"required name=search_term_string\"}],\"inLanguage\":\"fr-FR\"},{\"@type\":\"ImageObject\",\"@id\":\"https:\/\/photos-infographiste.com\/boutique\/produit\/la-statue-de-la-petite-sirene-songkhla\/#primaryimage\",\"inLanguage\":\"fr-FR\",\"url\":\"https:\/\/photos-infographiste.com\/boutique\/wp-content\/uploads\/2021\/05\/12043126.jpg\",\"contentUrl\":\"https:\/\/photos-infographiste.com\/boutique\/wp-content\/uploads\/2021\/05\/12043126.jpg\",\"width\":1024,\"height\":678,\"caption\":\"La stautue de la petite sir\\u00e8ne dor\\u00e9e - Songkhla\"},{\"@type\":\"WebPage\",\"@id\":\"https:\/\/photos-infographiste.com\/boutique\/produit\/la-statue-de-la-petite-sirene-songkhla\/#webpage\",\"url\":\"https:\/\/photos-infographiste.com\/boutique\/produit\/la-statue-de-la-petite-sirene-songkhla\/\",\"name\":\"La statue de la petite sir\\u00e8ne - Songkhla - La boutique photos\",\"isPartOf\":{\"@id\":\"https:\/\/photos-infographiste.com\/boutique\/#website\"},\"primaryImageOfPage\":{\"@id\":\"https:\/\/photos-infographiste.com\/boutique\/produit\/la-statue-de-la-petite-sirene-songkhla\/#primaryimage\"},\"datePublished\":\"2021-05-08T10:49:33+00:00\",\"dateModified\":\"2021-05-08T11:02:18+00:00\",\"description\":\"Songkhla, ville c\\u00f4ti\\u00e8re du golf de Siam. La statue de la petite sir\\u00e8ne dor\\u00e9e, vieille l\\u00e9gende tha\\u00eflandaise - histoire d'un vieux p\\u00eacheur ...\",\"breadcrumb\":{\"@id\":\"https:\/\/photos-infographiste.com\/boutique\/produit\/la-statue-de-la-petite-sirene-songkhla\/#breadcrumb\"},\"inLanguage\":\"fr-FR\",\"potentialAction\":[{\"@type\":\"ReadAction\",\"target\":[\"https:\/\/photos-infographiste.com\/boutique\/produit\/la-statue-de-la-petite-sirene-songkhla\/\"]}]},{\"@type\":\"BreadcrumbList\",\"@id\":\"https:\/\/photos-infographiste.com\/boutique\/produit\/la-statue-de-la-petite-sirene-songkhla\/#breadcrumb\",\"itemListElement\":[{\"@type\":\"ListItem\",\"position\":1,\"item\":{\"@type\":\"WebPage\",\"@id\":\"https:\/\/photos-infographiste.com\/boutique\/\",\"url\":\"https:\/\/photos-infographiste.com\/boutique\/\",\"name\":\"Accueil\"}},{\"@type\":\"ListItem\",\"position\":2,\"item\":{\"@type\":\"WebPage\",\"@id\":\"https:\/\/photos-infographiste.com\/boutique\/\",\"url\":\"https:\/\/photos-infographiste.com\/boutique\/\",\"name\":\"La boutique \\u00e0 photos\"}},{\"@type\":\"ListItem\",\"position\":3,\"item\":{\"@id\":\"https:\/\/photos-infographiste.com\/boutique\/produit\/la-statue-de-la-petite-sirene-songkhla\/#webpage\"}}]}]}<\/script>\n<!-- \/ Yoast SEO plugin. -->","_links":{"self":[{"href":"https:\/\/photos-infographiste.com\/boutique\/wp-json\/wp\/v2\/product\/379"}],"collection":[{"href":"https:\/\/photos-infographiste.com\/boutique\/wp-json\/wp\/v2\/product"}],"about":[{"href":"https:\/\/photos-infographiste.com\/boutique\/wp-json\/wp\/v2\/types\/product"}],"replies":[{"embeddable":true,"href":"https:\/\/photos-infographiste.com\/boutique\/wp-json\/wp\/v2\/comments?post=379"}],"wp:featuredmedia":[{"embeddable":true,"href":"https:\/\/photos-infographiste.com\/boutique\/wp-json\/wp\/v2\/media\/384"}],"wp:attachment":[{"href":"https:\/\/photos-infographiste.com\/boutique\/wp-json\/wp\/v2\/media?parent=379"}],"curies":[{"name":"wp","href":"https:\/\/api.w.org\/{rel}","templated":true}]}}