{"id":390,"date":"2021-05-09T15:09:25","date_gmt":"2021-05-09T13:09:25","guid":{"rendered":"https:\/\/photos-infographiste.com\/boutique\/?post_type=product&#038;p=390"},"modified":"2023-04-16T07:24:20","modified_gmt":"2023-04-16T05:24:20","slug":"le-stupa-de-bodnath-le-matin-katmandou","status":"publish","type":"product","link":"https:\/\/photos-infographiste.com\/boutique\/produit\/le-stupa-de-bodnath-le-matin-katmandou\/","title":{"rendered":"Le Stupa de Bodnath le matin &#8211; Katmandou"},"content":{"rendered":"","protected":false},"excerpt":{"rendered":"<p>Le grand stupa de Bodnath \u00e0 Katmandou (Katmandhu) au N\u00e9pal avant le tremblement de terre de 2015 t\u00f4t le matin &#8211; centre du quartier de Bodnath<\/p>\n","protected":false},"featured_media":394,"comment_status":"open","ping_status":"closed","template":"","meta":[],"yoast_head":"<!-- This site is optimized with the Yoast SEO plugin v16.3 - https:\/\/yoast.com\/wordpress\/plugins\/seo\/ -->\n<title>Le Stupa de Bodnath le matin - Katmandou - La boutique photos<\/title>\n<meta name=\"description\" content=\"Le grand stupa de Bodnath \u00e0 Katmandou au N\u00e9pal avant le tremblement de terre en d\u00e9but de matin\u00e9e - centre du quartier de Bodnath\" \/>\n<meta name=\"robots\" content=\"index, follow, max-snippet:-1, max-image-preview:large, max-video-preview:-1\" \/>\n<link rel=\"canonical\" href=\"https:\/\/photos-infographiste.com\/boutique\/produit\/le-stupa-de-bodnath-le-matin-katmandou\/\" \/>\n<meta property=\"og:locale\" content=\"fr_FR\" \/>\n<meta property=\"og:type\" content=\"article\" \/>\n<meta property=\"og:title\" content=\"Le Stupa de Bodnath le matin - Katmandou - La boutique photos\" \/>\n<meta property=\"og:description\" content=\"Le grand stupa de Bodnath \u00e0 Katmandou au N\u00e9pal avant le tremblement de terre en d\u00e9but de matin\u00e9e - centre du quartier de Bodnath\" \/>\n<meta property=\"og:url\" content=\"https:\/\/photos-infographiste.com\/boutique\/produit\/le-stupa-de-bodnath-le-matin-katmandou\/\" \/>\n<meta property=\"og:site_name\" content=\"La boutique photos\" \/>\n<meta property=\"article:modified_time\" content=\"2023-04-16T05:24:20+00:00\" \/>\n<meta property=\"og:image\" content=\"https:\/\/photos-infographiste.com\/boutique\/wp-content\/uploads\/2021\/05\/KAT7441.jpg\" \/>\n\t<meta property=\"og:image:width\" content=\"680\" \/>\n\t<meta property=\"og:image:height\" content=\"1024\" \/>\n<meta name=\"twitter:card\" content=\"summary_large_image\" \/>\n<script type=\"application\/ld+json\" class=\"yoast-schema-graph\">{\"@context\":\"https:\/\/schema.org\",\"@graph\":[{\"@type\":\"Organization\",\"@id\":\"https:\/\/photos-infographiste.com\/boutique\/#organization\",\"name\":\"photos-infographiste.com\",\"url\":\"https:\/\/photos-infographiste.com\/boutique\/\",\"sameAs\":[],\"logo\":{\"@type\":\"ImageObject\",\"@id\":\"https:\/\/photos-infographiste.com\/boutique\/#logo\",\"inLanguage\":\"fr-FR\",\"url\":\"https:\/\/photos-infographiste.com\/boutique\/wp-content\/uploads\/2021\/01\/logo-boutique_250-100-v2.png\",\"contentUrl\":\"https:\/\/photos-infographiste.com\/boutique\/wp-content\/uploads\/2021\/01\/logo-boutique_250-100-v2.png\",\"width\":250,\"height\":100,\"caption\":\"photos-infographiste.com\"},\"image\":{\"@id\":\"https:\/\/photos-infographiste.com\/boutique\/#logo\"}},{\"@type\":\"WebSite\",\"@id\":\"https:\/\/photos-infographiste.com\/boutique\/#website\",\"url\":\"https:\/\/photos-infographiste.com\/boutique\/\",\"name\":\"La boutique photos\",\"description\":\"photos-infographiste.com\",\"publisher\":{\"@id\":\"https:\/\/photos-infographiste.com\/boutique\/#organization\"},\"potentialAction\":[{\"@type\":\"SearchAction\",\"target\":\"https:\/\/photos-infographiste.com\/boutique\/?s={search_term_string}\",\"query-input\":\"required name=search_term_string\"}],\"inLanguage\":\"fr-FR\"},{\"@type\":\"ImageObject\",\"@id\":\"https:\/\/photos-infographiste.com\/boutique\/produit\/le-stupa-de-bodnath-le-matin-katmandou\/#primaryimage\",\"inLanguage\":\"fr-FR\",\"url\":\"https:\/\/photos-infographiste.com\/boutique\/wp-content\/uploads\/2021\/05\/KAT7441.jpg\",\"contentUrl\":\"https:\/\/photos-infographiste.com\/boutique\/wp-content\/uploads\/2021\/05\/KAT7441.jpg\",\"width\":680,\"height\":1024,\"caption\":\"Le grand stupa de Bodnath \\u00e0 Katmandhu\"},{\"@type\":\"WebPage\",\"@id\":\"https:\/\/photos-infographiste.com\/boutique\/produit\/le-stupa-de-bodnath-le-matin-katmandou\/#webpage\",\"url\":\"https:\/\/photos-infographiste.com\/boutique\/produit\/le-stupa-de-bodnath-le-matin-katmandou\/\",\"name\":\"Le Stupa de Bodnath le matin - Katmandou - La boutique photos\",\"isPartOf\":{\"@id\":\"https:\/\/photos-infographiste.com\/boutique\/#website\"},\"primaryImageOfPage\":{\"@id\":\"https:\/\/photos-infographiste.com\/boutique\/produit\/le-stupa-de-bodnath-le-matin-katmandou\/#primaryimage\"},\"datePublished\":\"2021-05-09T13:09:25+00:00\",\"dateModified\":\"2023-04-16T05:24:20+00:00\",\"description\":\"Le grand stupa de Bodnath \\u00e0 Katmandou au N\\u00e9pal avant le tremblement de terre en d\\u00e9but de matin\\u00e9e - centre du quartier de Bodnath\",\"breadcrumb\":{\"@id\":\"https:\/\/photos-infographiste.com\/boutique\/produit\/le-stupa-de-bodnath-le-matin-katmandou\/#breadcrumb\"},\"inLanguage\":\"fr-FR\",\"potentialAction\":[{\"@type\":\"ReadAction\",\"target\":[\"https:\/\/photos-infographiste.com\/boutique\/produit\/le-stupa-de-bodnath-le-matin-katmandou\/\"]}]},{\"@type\":\"BreadcrumbList\",\"@id\":\"https:\/\/photos-infographiste.com\/boutique\/produit\/le-stupa-de-bodnath-le-matin-katmandou\/#breadcrumb\",\"itemListElement\":[{\"@type\":\"ListItem\",\"position\":1,\"item\":{\"@type\":\"WebPage\",\"@id\":\"https:\/\/photos-infographiste.com\/boutique\/\",\"url\":\"https:\/\/photos-infographiste.com\/boutique\/\",\"name\":\"Accueil\"}},{\"@type\":\"ListItem\",\"position\":2,\"item\":{\"@type\":\"WebPage\",\"@id\":\"https:\/\/photos-infographiste.com\/boutique\/\",\"url\":\"https:\/\/photos-infographiste.com\/boutique\/\",\"name\":\"La boutique \\u00e0 photos\"}},{\"@type\":\"ListItem\",\"position\":3,\"item\":{\"@id\":\"https:\/\/photos-infographiste.com\/boutique\/produit\/le-stupa-de-bodnath-le-matin-katmandou\/#webpage\"}}]}]}<\/script>\n<!-- \/ Yoast SEO plugin. -->","_links":{"self":[{"href":"https:\/\/photos-infographiste.com\/boutique\/wp-json\/wp\/v2\/product\/390"}],"collection":[{"href":"https:\/\/photos-infographiste.com\/boutique\/wp-json\/wp\/v2\/product"}],"about":[{"href":"https:\/\/photos-infographiste.com\/boutique\/wp-json\/wp\/v2\/types\/product"}],"replies":[{"embeddable":true,"href":"https:\/\/photos-infographiste.com\/boutique\/wp-json\/wp\/v2\/comments?post=390"}],"wp:featuredmedia":[{"embeddable":true,"href":"https:\/\/photos-infographiste.com\/boutique\/wp-json\/wp\/v2\/media\/394"}],"wp:attachment":[{"href":"https:\/\/photos-infographiste.com\/boutique\/wp-json\/wp\/v2\/media?parent=390"}],"curies":[{"name":"wp","href":"https:\/\/api.w.org\/{rel}","templated":true}]}}