{"id":421,"date":"2021-05-14T11:49:29","date_gmt":"2021-05-14T09:49:29","guid":{"rendered":"https:\/\/photos-infographiste.com\/boutique\/?post_type=product&#038;p=421"},"modified":"2021-05-15T15:34:44","modified_gmt":"2021-05-15T13:34:44","slug":"pesee-de-la-peche-playa-las-ballenas-las-terrenas","status":"publish","type":"product","link":"https:\/\/photos-infographiste.com\/boutique\/produit\/pesee-de-la-peche-playa-las-ballenas-las-terrenas\/","title":{"rendered":"Pes\u00e9e de la p\u00eache &#8211;  playa Las Ballenas &#8211; Las Terrenas"},"content":{"rendered":"","protected":false},"excerpt":{"rendered":"<p>Pes\u00e9e de la p\u00eache sur la plage de Las Ballenas \u00e0 Las Terrenas dans la p\u00e9ninsule de Samana en R\u00e9publique dominicaine<\/p>\n","protected":false},"featured_media":425,"comment_status":"open","ping_status":"closed","template":"","meta":[],"yoast_head":"<!-- This site is optimized with the Yoast SEO plugin v16.3 - https:\/\/yoast.com\/wordpress\/plugins\/seo\/ -->\n<title>Pes\u00e9e de la p\u00eache - playa Las Ballenas - Las Terrenas - La boutique photos<\/title>\n<meta name=\"description\" content=\"Pes\u00e9e de la p\u00eache sur la plage de Las Ballenas \u00e0 Las Terrenas dans la p\u00e9ninsule de Samana en R\u00e9publique dominicaine\" \/>\n<meta name=\"robots\" content=\"index, follow, max-snippet:-1, max-image-preview:large, max-video-preview:-1\" \/>\n<link rel=\"canonical\" href=\"https:\/\/photos-infographiste.com\/boutique\/produit\/pesee-de-la-peche-playa-las-ballenas-las-terrenas\/\" \/>\n<meta property=\"og:locale\" content=\"fr_FR\" \/>\n<meta property=\"og:type\" content=\"article\" \/>\n<meta property=\"og:title\" content=\"Pes\u00e9e de la p\u00eache - playa Las Ballenas - Las Terrenas - La boutique photos\" \/>\n<meta property=\"og:description\" content=\"Pes\u00e9e de la p\u00eache sur la plage de Las Ballenas \u00e0 Las Terrenas dans la p\u00e9ninsule de Samana en R\u00e9publique dominicaine\" \/>\n<meta property=\"og:url\" content=\"https:\/\/photos-infographiste.com\/boutique\/produit\/pesee-de-la-peche-playa-las-ballenas-las-terrenas\/\" \/>\n<meta property=\"og:site_name\" content=\"La boutique photos\" \/>\n<meta property=\"article:modified_time\" content=\"2021-05-15T13:34:44+00:00\" \/>\n<meta property=\"og:image\" content=\"https:\/\/photos-infographiste.com\/boutique\/wp-content\/uploads\/2021\/05\/12032530c.jpg\" \/>\n\t<meta property=\"og:image:width\" content=\"1024\" \/>\n\t<meta property=\"og:image:height\" content=\"677\" \/>\n<meta name=\"twitter:card\" content=\"summary_large_image\" \/>\n<script type=\"application\/ld+json\" class=\"yoast-schema-graph\">{\"@context\":\"https:\/\/schema.org\",\"@graph\":[{\"@type\":\"Organization\",\"@id\":\"https:\/\/photos-infographiste.com\/boutique\/#organization\",\"name\":\"photos-infographiste.com\",\"url\":\"https:\/\/photos-infographiste.com\/boutique\/\",\"sameAs\":[],\"logo\":{\"@type\":\"ImageObject\",\"@id\":\"https:\/\/photos-infographiste.com\/boutique\/#logo\",\"inLanguage\":\"fr-FR\",\"url\":\"https:\/\/photos-infographiste.com\/boutique\/wp-content\/uploads\/2021\/01\/logo-boutique_250-100-v2.png\",\"contentUrl\":\"https:\/\/photos-infographiste.com\/boutique\/wp-content\/uploads\/2021\/01\/logo-boutique_250-100-v2.png\",\"width\":250,\"height\":100,\"caption\":\"photos-infographiste.com\"},\"image\":{\"@id\":\"https:\/\/photos-infographiste.com\/boutique\/#logo\"}},{\"@type\":\"WebSite\",\"@id\":\"https:\/\/photos-infographiste.com\/boutique\/#website\",\"url\":\"https:\/\/photos-infographiste.com\/boutique\/\",\"name\":\"La boutique photos\",\"description\":\"photos-infographiste.com\",\"publisher\":{\"@id\":\"https:\/\/photos-infographiste.com\/boutique\/#organization\"},\"potentialAction\":[{\"@type\":\"SearchAction\",\"target\":\"https:\/\/photos-infographiste.com\/boutique\/?s={search_term_string}\",\"query-input\":\"required name=search_term_string\"}],\"inLanguage\":\"fr-FR\"},{\"@type\":\"ImageObject\",\"@id\":\"https:\/\/photos-infographiste.com\/boutique\/produit\/pesee-de-la-peche-playa-las-ballenas-las-terrenas\/#primaryimage\",\"inLanguage\":\"fr-FR\",\"url\":\"https:\/\/photos-infographiste.com\/boutique\/wp-content\/uploads\/2021\/05\/12032530c.jpg\",\"contentUrl\":\"https:\/\/photos-infographiste.com\/boutique\/wp-content\/uploads\/2021\/05\/12032530c.jpg\",\"width\":1024,\"height\":677,\"caption\":\"Pes\\u00e9e de la p\\u00eache sur la plage de Las Ballenas \\u00e0 Las Terrenas dans la p\\u00e9ninsule de Samana en R\\u00e9publique dominicaine\"},{\"@type\":\"WebPage\",\"@id\":\"https:\/\/photos-infographiste.com\/boutique\/produit\/pesee-de-la-peche-playa-las-ballenas-las-terrenas\/#webpage\",\"url\":\"https:\/\/photos-infographiste.com\/boutique\/produit\/pesee-de-la-peche-playa-las-ballenas-las-terrenas\/\",\"name\":\"Pes\\u00e9e de la p\\u00eache - playa Las Ballenas - Las Terrenas - La boutique photos\",\"isPartOf\":{\"@id\":\"https:\/\/photos-infographiste.com\/boutique\/#website\"},\"primaryImageOfPage\":{\"@id\":\"https:\/\/photos-infographiste.com\/boutique\/produit\/pesee-de-la-peche-playa-las-ballenas-las-terrenas\/#primaryimage\"},\"datePublished\":\"2021-05-14T09:49:29+00:00\",\"dateModified\":\"2021-05-15T13:34:44+00:00\",\"description\":\"Pes\\u00e9e de la p\\u00eache sur la plage de Las Ballenas \\u00e0 Las Terrenas dans la p\\u00e9ninsule de Samana en R\\u00e9publique dominicaine\",\"breadcrumb\":{\"@id\":\"https:\/\/photos-infographiste.com\/boutique\/produit\/pesee-de-la-peche-playa-las-ballenas-las-terrenas\/#breadcrumb\"},\"inLanguage\":\"fr-FR\",\"potentialAction\":[{\"@type\":\"ReadAction\",\"target\":[\"https:\/\/photos-infographiste.com\/boutique\/produit\/pesee-de-la-peche-playa-las-ballenas-las-terrenas\/\"]}]},{\"@type\":\"BreadcrumbList\",\"@id\":\"https:\/\/photos-infographiste.com\/boutique\/produit\/pesee-de-la-peche-playa-las-ballenas-las-terrenas\/#breadcrumb\",\"itemListElement\":[{\"@type\":\"ListItem\",\"position\":1,\"item\":{\"@type\":\"WebPage\",\"@id\":\"https:\/\/photos-infographiste.com\/boutique\/\",\"url\":\"https:\/\/photos-infographiste.com\/boutique\/\",\"name\":\"Accueil\"}},{\"@type\":\"ListItem\",\"position\":2,\"item\":{\"@type\":\"WebPage\",\"@id\":\"https:\/\/photos-infographiste.com\/boutique\/\",\"url\":\"https:\/\/photos-infographiste.com\/boutique\/\",\"name\":\"La boutique \\u00e0 photos\"}},{\"@type\":\"ListItem\",\"position\":3,\"item\":{\"@id\":\"https:\/\/photos-infographiste.com\/boutique\/produit\/pesee-de-la-peche-playa-las-ballenas-las-terrenas\/#webpage\"}}]}]}<\/script>\n<!-- \/ Yoast SEO plugin. -->","_links":{"self":[{"href":"https:\/\/photos-infographiste.com\/boutique\/wp-json\/wp\/v2\/product\/421"}],"collection":[{"href":"https:\/\/photos-infographiste.com\/boutique\/wp-json\/wp\/v2\/product"}],"about":[{"href":"https:\/\/photos-infographiste.com\/boutique\/wp-json\/wp\/v2\/types\/product"}],"replies":[{"embeddable":true,"href":"https:\/\/photos-infographiste.com\/boutique\/wp-json\/wp\/v2\/comments?post=421"}],"wp:featuredmedia":[{"embeddable":true,"href":"https:\/\/photos-infographiste.com\/boutique\/wp-json\/wp\/v2\/media\/425"}],"wp:attachment":[{"href":"https:\/\/photos-infographiste.com\/boutique\/wp-json\/wp\/v2\/media?parent=421"}],"curies":[{"name":"wp","href":"https:\/\/api.w.org\/{rel}","templated":true}]}}