{"id":516,"date":"2021-05-22T12:56:02","date_gmt":"2021-05-22T10:56:02","guid":{"rendered":"https:\/\/photos-infographiste.com\/boutique\/?post_type=product&#038;p=516"},"modified":"2021-05-22T17:28:58","modified_gmt":"2021-05-22T15:28:58","slug":"le-fleuve-irrawaddy-a-sinbo-au-myanmar","status":"publish","type":"product","link":"https:\/\/photos-infographiste.com\/boutique\/produit\/le-fleuve-irrawaddy-a-sinbo-au-myanmar\/","title":{"rendered":"Le fleuve Irrawaddy \u00e0 Sinbo au Myanmar"},"content":{"rendered":"","protected":false},"excerpt":{"rendered":"<p>Paysage en fin d&#8217;apr\u00e8s-midi du fleuve Irrawaddy et des for\u00eats environnantes \u00e0 Sinbo au Myanmar (Birmanie), port de d\u00e9part des long-tails vers Bhamo.<\/p>\n","protected":false},"featured_media":520,"comment_status":"open","ping_status":"closed","template":"","meta":[],"yoast_head":"<!-- This site is optimized with the Yoast SEO plugin v16.3 - https:\/\/yoast.com\/wordpress\/plugins\/seo\/ -->\n<title>Le fleuve Irrawaddy \u00e0 Sinbo au Myanmar - La boutique photos<\/title>\n<meta name=\"description\" content=\"Paysage en fin d&#039;apr\u00e8s-midi du fleuve Irrawaddy et des for\u00eats environnantes \u00e0 Sinbo au Myanmar (Birmanie) - d\u00e9part des long-tails vers Bhamo\" \/>\n<meta name=\"robots\" content=\"index, follow, max-snippet:-1, max-image-preview:large, max-video-preview:-1\" \/>\n<link rel=\"canonical\" href=\"https:\/\/photos-infographiste.com\/boutique\/produit\/le-fleuve-irrawaddy-a-sinbo-au-myanmar\/\" \/>\n<meta property=\"og:locale\" content=\"fr_FR\" \/>\n<meta property=\"og:type\" content=\"article\" \/>\n<meta property=\"og:title\" content=\"Le fleuve Irrawaddy \u00e0 Sinbo au Myanmar - La boutique photos\" \/>\n<meta property=\"og:description\" content=\"Paysage en fin d&#039;apr\u00e8s-midi du fleuve Irrawaddy et des for\u00eats environnantes \u00e0 Sinbo au Myanmar (Birmanie) - d\u00e9part des long-tails vers Bhamo\" \/>\n<meta property=\"og:url\" content=\"https:\/\/photos-infographiste.com\/boutique\/produit\/le-fleuve-irrawaddy-a-sinbo-au-myanmar\/\" \/>\n<meta property=\"og:site_name\" content=\"La boutique photos\" \/>\n<meta property=\"article:modified_time\" content=\"2021-05-22T15:28:58+00:00\" \/>\n<meta property=\"og:image\" content=\"https:\/\/photos-infographiste.com\/boutique\/wp-content\/uploads\/2021\/05\/SHE3804.jpg\" \/>\n\t<meta property=\"og:image:width\" content=\"1024\" \/>\n\t<meta property=\"og:image:height\" content=\"680\" \/>\n<meta name=\"twitter:card\" content=\"summary_large_image\" \/>\n<script type=\"application\/ld+json\" class=\"yoast-schema-graph\">{\"@context\":\"https:\/\/schema.org\",\"@graph\":[{\"@type\":\"Organization\",\"@id\":\"https:\/\/photos-infographiste.com\/boutique\/#organization\",\"name\":\"photos-infographiste.com\",\"url\":\"https:\/\/photos-infographiste.com\/boutique\/\",\"sameAs\":[],\"logo\":{\"@type\":\"ImageObject\",\"@id\":\"https:\/\/photos-infographiste.com\/boutique\/#logo\",\"inLanguage\":\"fr-FR\",\"url\":\"https:\/\/photos-infographiste.com\/boutique\/wp-content\/uploads\/2021\/01\/logo-boutique_250-100-v2.png\",\"contentUrl\":\"https:\/\/photos-infographiste.com\/boutique\/wp-content\/uploads\/2021\/01\/logo-boutique_250-100-v2.png\",\"width\":250,\"height\":100,\"caption\":\"photos-infographiste.com\"},\"image\":{\"@id\":\"https:\/\/photos-infographiste.com\/boutique\/#logo\"}},{\"@type\":\"WebSite\",\"@id\":\"https:\/\/photos-infographiste.com\/boutique\/#website\",\"url\":\"https:\/\/photos-infographiste.com\/boutique\/\",\"name\":\"La boutique photos\",\"description\":\"photos-infographiste.com\",\"publisher\":{\"@id\":\"https:\/\/photos-infographiste.com\/boutique\/#organization\"},\"potentialAction\":[{\"@type\":\"SearchAction\",\"target\":\"https:\/\/photos-infographiste.com\/boutique\/?s={search_term_string}\",\"query-input\":\"required name=search_term_string\"}],\"inLanguage\":\"fr-FR\"},{\"@type\":\"ImageObject\",\"@id\":\"https:\/\/photos-infographiste.com\/boutique\/produit\/le-fleuve-irrawaddy-a-sinbo-au-myanmar\/#primaryimage\",\"inLanguage\":\"fr-FR\",\"url\":\"https:\/\/photos-infographiste.com\/boutique\/wp-content\/uploads\/2021\/05\/SHE3804.jpg\",\"contentUrl\":\"https:\/\/photos-infographiste.com\/boutique\/wp-content\/uploads\/2021\/05\/SHE3804.jpg\",\"width\":1024,\"height\":680,\"caption\":\"Le fleuve Irrawaddy \\u00e0 Sinbo - Birmanie\"},{\"@type\":\"WebPage\",\"@id\":\"https:\/\/photos-infographiste.com\/boutique\/produit\/le-fleuve-irrawaddy-a-sinbo-au-myanmar\/#webpage\",\"url\":\"https:\/\/photos-infographiste.com\/boutique\/produit\/le-fleuve-irrawaddy-a-sinbo-au-myanmar\/\",\"name\":\"Le fleuve Irrawaddy \\u00e0 Sinbo au Myanmar - La boutique photos\",\"isPartOf\":{\"@id\":\"https:\/\/photos-infographiste.com\/boutique\/#website\"},\"primaryImageOfPage\":{\"@id\":\"https:\/\/photos-infographiste.com\/boutique\/produit\/le-fleuve-irrawaddy-a-sinbo-au-myanmar\/#primaryimage\"},\"datePublished\":\"2021-05-22T10:56:02+00:00\",\"dateModified\":\"2021-05-22T15:28:58+00:00\",\"description\":\"Paysage en fin d'apr\\u00e8s-midi du fleuve Irrawaddy et des for\\u00eats environnantes \\u00e0 Sinbo au Myanmar (Birmanie) - d\\u00e9part des long-tails vers Bhamo\",\"breadcrumb\":{\"@id\":\"https:\/\/photos-infographiste.com\/boutique\/produit\/le-fleuve-irrawaddy-a-sinbo-au-myanmar\/#breadcrumb\"},\"inLanguage\":\"fr-FR\",\"potentialAction\":[{\"@type\":\"ReadAction\",\"target\":[\"https:\/\/photos-infographiste.com\/boutique\/produit\/le-fleuve-irrawaddy-a-sinbo-au-myanmar\/\"]}]},{\"@type\":\"BreadcrumbList\",\"@id\":\"https:\/\/photos-infographiste.com\/boutique\/produit\/le-fleuve-irrawaddy-a-sinbo-au-myanmar\/#breadcrumb\",\"itemListElement\":[{\"@type\":\"ListItem\",\"position\":1,\"item\":{\"@type\":\"WebPage\",\"@id\":\"https:\/\/photos-infographiste.com\/boutique\/\",\"url\":\"https:\/\/photos-infographiste.com\/boutique\/\",\"name\":\"Accueil\"}},{\"@type\":\"ListItem\",\"position\":2,\"item\":{\"@type\":\"WebPage\",\"@id\":\"https:\/\/photos-infographiste.com\/boutique\/\",\"url\":\"https:\/\/photos-infographiste.com\/boutique\/\",\"name\":\"La boutique \\u00e0 photos\"}},{\"@type\":\"ListItem\",\"position\":3,\"item\":{\"@id\":\"https:\/\/photos-infographiste.com\/boutique\/produit\/le-fleuve-irrawaddy-a-sinbo-au-myanmar\/#webpage\"}}]}]}<\/script>\n<!-- \/ Yoast SEO plugin. -->","_links":{"self":[{"href":"https:\/\/photos-infographiste.com\/boutique\/wp-json\/wp\/v2\/product\/516"}],"collection":[{"href":"https:\/\/photos-infographiste.com\/boutique\/wp-json\/wp\/v2\/product"}],"about":[{"href":"https:\/\/photos-infographiste.com\/boutique\/wp-json\/wp\/v2\/types\/product"}],"replies":[{"embeddable":true,"href":"https:\/\/photos-infographiste.com\/boutique\/wp-json\/wp\/v2\/comments?post=516"}],"wp:featuredmedia":[{"embeddable":true,"href":"https:\/\/photos-infographiste.com\/boutique\/wp-json\/wp\/v2\/media\/520"}],"wp:attachment":[{"href":"https:\/\/photos-infographiste.com\/boutique\/wp-json\/wp\/v2\/media?parent=516"}],"curies":[{"name":"wp","href":"https:\/\/api.w.org\/{rel}","templated":true}]}}