{"id":624,"date":"2021-06-22T15:01:27","date_gmt":"2021-06-22T13:01:27","guid":{"rendered":"https:\/\/photos-infographiste.com\/boutique\/?post_type=product&#038;p=624"},"modified":"2024-03-03T04:19:33","modified_gmt":"2024-03-03T03:19:33","slug":"attente-du-retour-des-pecheurs-au-lever-de-soleil-kanyakumari","status":"publish","type":"product","link":"https:\/\/photos-infographiste.com\/boutique\/produit\/attente-du-retour-des-pecheurs-au-lever-de-soleil-kanyakumari\/","title":{"rendered":"Attente du retour des p\u00eacheurs au lever de soleil &#8211; Kanyakumari"},"content":{"rendered":"","protected":false},"excerpt":{"rendered":"<p>Avant le lever du soleil, la foule se presse au bord de l&#8217;Oc\u00e9an pour assister au retour des p\u00eacheurs \u00e0 Kanyakumari en Inde du Sud, au loin le M\u00e9morial de Vivekananda et la statue de Thiruvalluvar, c\u00e9l\u00e9bre lieu de p\u00e8lerinage dans l&#8217;\u00e9tat du Tamul Nadu en Inde du Sud.<\/p>\n","protected":false},"featured_media":628,"comment_status":"open","ping_status":"closed","template":"","meta":[],"yoast_head":"<!-- This site is optimized with the Yoast SEO plugin v16.3 - https:\/\/yoast.com\/wordpress\/plugins\/seo\/ -->\n<title>Attente du retour des p\u00eacheurs au lever de soleil - Kanyakumari - La boutique photos<\/title>\n<meta name=\"description\" content=\"Au lever de soleil, Attente du retour des p\u00eacheurs \u00e0 Kanyakumari ,au loin le M\u00e9morial de Vivekananda et la statue de Thiruvalluvar, Inde\" \/>\n<meta name=\"robots\" content=\"index, follow, max-snippet:-1, max-image-preview:large, max-video-preview:-1\" \/>\n<link rel=\"canonical\" href=\"https:\/\/photos-infographiste.com\/boutique\/produit\/attente-du-retour-des-pecheurs-au-lever-de-soleil-kanyakumari\/\" \/>\n<meta property=\"og:locale\" content=\"fr_FR\" \/>\n<meta property=\"og:type\" content=\"article\" \/>\n<meta property=\"og:title\" content=\"Attente du retour des p\u00eacheurs au lever de soleil - Kanyakumari - La boutique photos\" \/>\n<meta property=\"og:description\" content=\"Au lever de soleil, Attente du retour des p\u00eacheurs \u00e0 Kanyakumari ,au loin le M\u00e9morial de Vivekananda et la statue de Thiruvalluvar, Inde\" \/>\n<meta property=\"og:url\" content=\"https:\/\/photos-infographiste.com\/boutique\/produit\/attente-du-retour-des-pecheurs-au-lever-de-soleil-kanyakumari\/\" \/>\n<meta property=\"og:site_name\" content=\"La boutique photos\" \/>\n<meta property=\"article:modified_time\" content=\"2024-03-03T03:19:33+00:00\" \/>\n<meta property=\"og:image\" content=\"https:\/\/photos-infographiste.com\/boutique\/wp-content\/uploads\/2021\/06\/07091306.jpg\" \/>\n\t<meta property=\"og:image:width\" content=\"1024\" \/>\n\t<meta property=\"og:image:height\" content=\"651\" \/>\n<meta name=\"twitter:card\" content=\"summary_large_image\" \/>\n<script type=\"application\/ld+json\" class=\"yoast-schema-graph\">{\"@context\":\"https:\/\/schema.org\",\"@graph\":[{\"@type\":\"Organization\",\"@id\":\"https:\/\/photos-infographiste.com\/boutique\/#organization\",\"name\":\"photos-infographiste.com\",\"url\":\"https:\/\/photos-infographiste.com\/boutique\/\",\"sameAs\":[],\"logo\":{\"@type\":\"ImageObject\",\"@id\":\"https:\/\/photos-infographiste.com\/boutique\/#logo\",\"inLanguage\":\"fr-FR\",\"url\":\"https:\/\/photos-infographiste.com\/boutique\/wp-content\/uploads\/2021\/01\/logo-boutique_250-100-v2.png\",\"contentUrl\":\"https:\/\/photos-infographiste.com\/boutique\/wp-content\/uploads\/2021\/01\/logo-boutique_250-100-v2.png\",\"width\":250,\"height\":100,\"caption\":\"photos-infographiste.com\"},\"image\":{\"@id\":\"https:\/\/photos-infographiste.com\/boutique\/#logo\"}},{\"@type\":\"WebSite\",\"@id\":\"https:\/\/photos-infographiste.com\/boutique\/#website\",\"url\":\"https:\/\/photos-infographiste.com\/boutique\/\",\"name\":\"La boutique photos\",\"description\":\"photos-infographiste.com\",\"publisher\":{\"@id\":\"https:\/\/photos-infographiste.com\/boutique\/#organization\"},\"potentialAction\":[{\"@type\":\"SearchAction\",\"target\":\"https:\/\/photos-infographiste.com\/boutique\/?s={search_term_string}\",\"query-input\":\"required name=search_term_string\"}],\"inLanguage\":\"fr-FR\"},{\"@type\":\"ImageObject\",\"@id\":\"https:\/\/photos-infographiste.com\/boutique\/produit\/attente-du-retour-des-pecheurs-au-lever-de-soleil-kanyakumari\/#primaryimage\",\"inLanguage\":\"fr-FR\",\"url\":\"https:\/\/photos-infographiste.com\/boutique\/wp-content\/uploads\/2021\/06\/07091306.jpg\",\"contentUrl\":\"https:\/\/photos-infographiste.com\/boutique\/wp-content\/uploads\/2021\/06\/07091306.jpg\",\"width\":1024,\"height\":651,\"caption\":\"Avant le lever de soleil - Kanyakumari - Inde\"},{\"@type\":\"WebPage\",\"@id\":\"https:\/\/photos-infographiste.com\/boutique\/produit\/attente-du-retour-des-pecheurs-au-lever-de-soleil-kanyakumari\/#webpage\",\"url\":\"https:\/\/photos-infographiste.com\/boutique\/produit\/attente-du-retour-des-pecheurs-au-lever-de-soleil-kanyakumari\/\",\"name\":\"Attente du retour des p\\u00eacheurs au lever de soleil - Kanyakumari - La boutique photos\",\"isPartOf\":{\"@id\":\"https:\/\/photos-infographiste.com\/boutique\/#website\"},\"primaryImageOfPage\":{\"@id\":\"https:\/\/photos-infographiste.com\/boutique\/produit\/attente-du-retour-des-pecheurs-au-lever-de-soleil-kanyakumari\/#primaryimage\"},\"datePublished\":\"2021-06-22T13:01:27+00:00\",\"dateModified\":\"2024-03-03T03:19:33+00:00\",\"description\":\"Au lever de soleil, Attente du retour des p\\u00eacheurs \\u00e0 Kanyakumari ,au loin le M\\u00e9morial de Vivekananda et la statue de Thiruvalluvar, Inde\",\"breadcrumb\":{\"@id\":\"https:\/\/photos-infographiste.com\/boutique\/produit\/attente-du-retour-des-pecheurs-au-lever-de-soleil-kanyakumari\/#breadcrumb\"},\"inLanguage\":\"fr-FR\",\"potentialAction\":[{\"@type\":\"ReadAction\",\"target\":[\"https:\/\/photos-infographiste.com\/boutique\/produit\/attente-du-retour-des-pecheurs-au-lever-de-soleil-kanyakumari\/\"]}]},{\"@type\":\"BreadcrumbList\",\"@id\":\"https:\/\/photos-infographiste.com\/boutique\/produit\/attente-du-retour-des-pecheurs-au-lever-de-soleil-kanyakumari\/#breadcrumb\",\"itemListElement\":[{\"@type\":\"ListItem\",\"position\":1,\"item\":{\"@type\":\"WebPage\",\"@id\":\"https:\/\/photos-infographiste.com\/boutique\/\",\"url\":\"https:\/\/photos-infographiste.com\/boutique\/\",\"name\":\"Accueil\"}},{\"@type\":\"ListItem\",\"position\":2,\"item\":{\"@type\":\"WebPage\",\"@id\":\"https:\/\/photos-infographiste.com\/boutique\/\",\"url\":\"https:\/\/photos-infographiste.com\/boutique\/\",\"name\":\"La boutique \\u00e0 photos\"}},{\"@type\":\"ListItem\",\"position\":3,\"item\":{\"@id\":\"https:\/\/photos-infographiste.com\/boutique\/produit\/attente-du-retour-des-pecheurs-au-lever-de-soleil-kanyakumari\/#webpage\"}}]}]}<\/script>\n<!-- \/ Yoast SEO plugin. -->","_links":{"self":[{"href":"https:\/\/photos-infographiste.com\/boutique\/wp-json\/wp\/v2\/product\/624"}],"collection":[{"href":"https:\/\/photos-infographiste.com\/boutique\/wp-json\/wp\/v2\/product"}],"about":[{"href":"https:\/\/photos-infographiste.com\/boutique\/wp-json\/wp\/v2\/types\/product"}],"replies":[{"embeddable":true,"href":"https:\/\/photos-infographiste.com\/boutique\/wp-json\/wp\/v2\/comments?post=624"}],"wp:featuredmedia":[{"embeddable":true,"href":"https:\/\/photos-infographiste.com\/boutique\/wp-json\/wp\/v2\/media\/628"}],"wp:attachment":[{"href":"https:\/\/photos-infographiste.com\/boutique\/wp-json\/wp\/v2\/media?parent=624"}],"curies":[{"name":"wp","href":"https:\/\/api.w.org\/{rel}","templated":true}]}}