{"id":630,"date":"2021-06-24T15:53:01","date_gmt":"2021-06-24T13:53:01","guid":{"rendered":"https:\/\/photos-infographiste.com\/boutique\/?post_type=product&#038;p=630"},"modified":"2021-06-24T16:00:25","modified_gmt":"2021-06-24T14:00:25","slug":"coucher-de-soleil-sur-la-mosquee-haji-ali-bombay","status":"publish","type":"product","link":"https:\/\/photos-infographiste.com\/boutique\/produit\/coucher-de-soleil-sur-la-mosquee-haji-ali-bombay\/","title":{"rendered":"Lumi\u00e8re de fin de journ\u00e9e sur la Mosqu\u00e9e Haji Ali &#8211; Bombay"},"content":{"rendered":"","protected":false},"excerpt":{"rendered":"<p>Avant le coucher de soleil, la mosqu\u00e9e Hali Ali se d\u00e9tache sur l&#8217;Oc\u00e9an \u00e0 Bombay &#8211; Mumbai dans l&#8217;\u00e9tat du Maharashtra en Inde.<\/p>\n","protected":false},"featured_media":634,"comment_status":"open","ping_status":"closed","template":"","meta":[],"yoast_head":"<!-- This site is optimized with the Yoast SEO plugin v16.3 - https:\/\/yoast.com\/wordpress\/plugins\/seo\/ -->\n<title>Lumi\u00e8re de fin de journ\u00e9e sur la Mosqu\u00e9e Haji Ali - Bombay - La boutique photos<\/title>\n<meta name=\"description\" content=\"Avant le coucher de soleil, la mosqu\u00e9e Hali Ali se d\u00e9tache sur l&#039;Oc\u00e9an \u00e0 Bombay - Mumbai dans l&#039;\u00e9tat du Maharashtra en Inde.\" \/>\n<meta name=\"robots\" content=\"index, follow, max-snippet:-1, max-image-preview:large, max-video-preview:-1\" \/>\n<link rel=\"canonical\" href=\"https:\/\/photos-infographiste.com\/boutique\/produit\/coucher-de-soleil-sur-la-mosquee-haji-ali-bombay\/\" \/>\n<meta property=\"og:locale\" content=\"fr_FR\" \/>\n<meta property=\"og:type\" content=\"article\" \/>\n<meta property=\"og:title\" content=\"Lumi\u00e8re de fin de journ\u00e9e sur la Mosqu\u00e9e Haji Ali - Bombay - La boutique photos\" \/>\n<meta property=\"og:description\" content=\"Avant le coucher de soleil, la mosqu\u00e9e Hali Ali se d\u00e9tache sur l&#039;Oc\u00e9an \u00e0 Bombay - Mumbai dans l&#039;\u00e9tat du Maharashtra en Inde.\" \/>\n<meta property=\"og:url\" content=\"https:\/\/photos-infographiste.com\/boutique\/produit\/coucher-de-soleil-sur-la-mosquee-haji-ali-bombay\/\" \/>\n<meta property=\"og:site_name\" content=\"La boutique photos\" \/>\n<meta property=\"article:modified_time\" content=\"2021-06-24T14:00:25+00:00\" \/>\n<meta property=\"og:image\" content=\"https:\/\/photos-infographiste.com\/boutique\/wp-content\/uploads\/2021\/06\/07090332.jpg\" \/>\n\t<meta property=\"og:image:width\" content=\"1024\" \/>\n\t<meta property=\"og:image:height\" content=\"663\" \/>\n<meta name=\"twitter:card\" content=\"summary_large_image\" \/>\n<script type=\"application\/ld+json\" class=\"yoast-schema-graph\">{\"@context\":\"https:\/\/schema.org\",\"@graph\":[{\"@type\":\"Organization\",\"@id\":\"https:\/\/photos-infographiste.com\/boutique\/#organization\",\"name\":\"photos-infographiste.com\",\"url\":\"https:\/\/photos-infographiste.com\/boutique\/\",\"sameAs\":[],\"logo\":{\"@type\":\"ImageObject\",\"@id\":\"https:\/\/photos-infographiste.com\/boutique\/#logo\",\"inLanguage\":\"fr-FR\",\"url\":\"https:\/\/photos-infographiste.com\/boutique\/wp-content\/uploads\/2021\/01\/logo-boutique_250-100-v2.png\",\"contentUrl\":\"https:\/\/photos-infographiste.com\/boutique\/wp-content\/uploads\/2021\/01\/logo-boutique_250-100-v2.png\",\"width\":250,\"height\":100,\"caption\":\"photos-infographiste.com\"},\"image\":{\"@id\":\"https:\/\/photos-infographiste.com\/boutique\/#logo\"}},{\"@type\":\"WebSite\",\"@id\":\"https:\/\/photos-infographiste.com\/boutique\/#website\",\"url\":\"https:\/\/photos-infographiste.com\/boutique\/\",\"name\":\"La boutique photos\",\"description\":\"photos-infographiste.com\",\"publisher\":{\"@id\":\"https:\/\/photos-infographiste.com\/boutique\/#organization\"},\"potentialAction\":[{\"@type\":\"SearchAction\",\"target\":\"https:\/\/photos-infographiste.com\/boutique\/?s={search_term_string}\",\"query-input\":\"required name=search_term_string\"}],\"inLanguage\":\"fr-FR\"},{\"@type\":\"ImageObject\",\"@id\":\"https:\/\/photos-infographiste.com\/boutique\/produit\/coucher-de-soleil-sur-la-mosquee-haji-ali-bombay\/#primaryimage\",\"inLanguage\":\"fr-FR\",\"url\":\"https:\/\/photos-infographiste.com\/boutique\/wp-content\/uploads\/2021\/06\/07090332.jpg\",\"contentUrl\":\"https:\/\/photos-infographiste.com\/boutique\/wp-content\/uploads\/2021\/06\/07090332.jpg\",\"width\":1024,\"height\":663,\"caption\":\"Coucher de soleil mosqu\\u00e9e Haji Ali - Mumbai\"},{\"@type\":\"WebPage\",\"@id\":\"https:\/\/photos-infographiste.com\/boutique\/produit\/coucher-de-soleil-sur-la-mosquee-haji-ali-bombay\/#webpage\",\"url\":\"https:\/\/photos-infographiste.com\/boutique\/produit\/coucher-de-soleil-sur-la-mosquee-haji-ali-bombay\/\",\"name\":\"Lumi\\u00e8re de fin de journ\\u00e9e sur la Mosqu\\u00e9e Haji Ali - Bombay - La boutique photos\",\"isPartOf\":{\"@id\":\"https:\/\/photos-infographiste.com\/boutique\/#website\"},\"primaryImageOfPage\":{\"@id\":\"https:\/\/photos-infographiste.com\/boutique\/produit\/coucher-de-soleil-sur-la-mosquee-haji-ali-bombay\/#primaryimage\"},\"datePublished\":\"2021-06-24T13:53:01+00:00\",\"dateModified\":\"2021-06-24T14:00:25+00:00\",\"description\":\"Avant le coucher de soleil, la mosqu\\u00e9e Hali Ali se d\\u00e9tache sur l'Oc\\u00e9an \\u00e0 Bombay - Mumbai dans l'\\u00e9tat du Maharashtra en Inde.\",\"breadcrumb\":{\"@id\":\"https:\/\/photos-infographiste.com\/boutique\/produit\/coucher-de-soleil-sur-la-mosquee-haji-ali-bombay\/#breadcrumb\"},\"inLanguage\":\"fr-FR\",\"potentialAction\":[{\"@type\":\"ReadAction\",\"target\":[\"https:\/\/photos-infographiste.com\/boutique\/produit\/coucher-de-soleil-sur-la-mosquee-haji-ali-bombay\/\"]}]},{\"@type\":\"BreadcrumbList\",\"@id\":\"https:\/\/photos-infographiste.com\/boutique\/produit\/coucher-de-soleil-sur-la-mosquee-haji-ali-bombay\/#breadcrumb\",\"itemListElement\":[{\"@type\":\"ListItem\",\"position\":1,\"item\":{\"@type\":\"WebPage\",\"@id\":\"https:\/\/photos-infographiste.com\/boutique\/\",\"url\":\"https:\/\/photos-infographiste.com\/boutique\/\",\"name\":\"Accueil\"}},{\"@type\":\"ListItem\",\"position\":2,\"item\":{\"@type\":\"WebPage\",\"@id\":\"https:\/\/photos-infographiste.com\/boutique\/\",\"url\":\"https:\/\/photos-infographiste.com\/boutique\/\",\"name\":\"La boutique \\u00e0 photos\"}},{\"@type\":\"ListItem\",\"position\":3,\"item\":{\"@id\":\"https:\/\/photos-infographiste.com\/boutique\/produit\/coucher-de-soleil-sur-la-mosquee-haji-ali-bombay\/#webpage\"}}]}]}<\/script>\n<!-- \/ Yoast SEO plugin. -->","_links":{"self":[{"href":"https:\/\/photos-infographiste.com\/boutique\/wp-json\/wp\/v2\/product\/630"}],"collection":[{"href":"https:\/\/photos-infographiste.com\/boutique\/wp-json\/wp\/v2\/product"}],"about":[{"href":"https:\/\/photos-infographiste.com\/boutique\/wp-json\/wp\/v2\/types\/product"}],"replies":[{"embeddable":true,"href":"https:\/\/photos-infographiste.com\/boutique\/wp-json\/wp\/v2\/comments?post=630"}],"wp:featuredmedia":[{"embeddable":true,"href":"https:\/\/photos-infographiste.com\/boutique\/wp-json\/wp\/v2\/media\/634"}],"wp:attachment":[{"href":"https:\/\/photos-infographiste.com\/boutique\/wp-json\/wp\/v2\/media?parent=630"}],"curies":[{"name":"wp","href":"https:\/\/api.w.org\/{rel}","templated":true}]}}