{"id":1982,"date":"2015-10-08T13:44:27","date_gmt":"2015-10-08T13:44:27","guid":{"rendered":"http:\/\/photos-infographiste.com\/diario\/?page_id=1982"},"modified":"2022-06-04T12:09:44","modified_gmt":"2022-06-04T12:09:44","slug":"prestations-graphiques-2022","status":"publish","type":"page","link":"https:\/\/photos-infographiste.com\/diario\/prestations-graphiques-2022\/","title":{"rendered":"Prestations graphiques 2019"},"content":{"rendered":"<div class=\"ie78\">\n<div id=\"les-prestations-graphiques\" style=\"margin-top:0;\"\/>\n<section id=\"parallax-section-1654216273\" class=\"intense content-section parallax breakout\" data-anchor-target='#parallax-section-1654216273' data-bottom-top='background-position: 0px 40px;' data--1000-top='background-position: 0px -80px;' data-speed=\"2\" style=\"height:550px;   margin-bottom: 0; margin-top: 0; margin-left: 0; margin-right: 0;  background-image: url(https:\/\/photos-infographiste.com\/diario\/wp-content\/uploads\/2015\/10\/saiing0_1400_420.jpg); background-size: cover; background-position: 50% 50%; background-attachment: fixed;  padding-top: 25px; padding-bottom:25px; padding-left: 0; padding-right:0; overflow: hidden;\"><div class=\"intense container  \"><ul id='parallax-scene-1777467934' class='parallax-scene-1777467934'>\n<div class=\"box_ordi_right\">\n<div class=\"avertissement\">Il est plus confortable de visualiser le site en orientation paysage sur votre tablette, merci.<\/div>\n<h5>Prestations Graphiques<\/h5>\n<p>Ma cr\u00e9ativit\u00e9, mon exp\u00e9rience professionnelle, mes comp\u00e9tences techniques sont \u00e0 votre service pour concevoir vos supports de communication et de promouvoir ainsi, votre savoir-faire et vos produits.<br \/><a href=\"#internet\" title=\"Cr\u00e9ation et refonte de sites internet\">Lire la suite &#8230;<\/a>\n<\/div>\n<div class=\"box_mobi\">Les prestations graphiques<\/div>\n<\/ul><script>\r\n                    jQuery(function($) {\r\n                        $(document).ready(function() {\r\n                            $('#parallax-scene-1777467934').parallax();\r\n                        });\r\n                    });\r\n                <\/script><\/div><div style=\"position: absolute;  top: 0;left: 0;z-index: -1;right: 0;bottom: 0;\"><\/div><div class=\"advance-button\"><a id='btn_73241037' href='#content-section-advance-1642056860' target='_self'  class='intense  btn btn-lg '><i class=\"intense icon icon-0x\" style=\"\"><svg><use xlink:href=\"#font-awesome-chevron-down\" class=\" filled\" style=\"fill: #fff;\"><\/use><\/svg><\/i> Internet<\/a><script>jQuery(document).ready(function() { jQuery('#btn_73241037').smoothScroll({ speed: 1200 }); });<\/script><\/div><\/section><div id=\"content-section-advance-1642056860\" style=\"height: 0px;\"><\/div>\n<div id=\"internet\"\/>\n<section id=\"parallax-section-549035893\" class=\"intense content-section parallax breakout\" data-anchor-target='#parallax-section-549035893' data-bottom-top='background-position: 0px 40px;' data--1000-top='background-position: 0px -80px;' data-speed=\"2\" style=\"height:550px;   margin-bottom: 0; margin-top: 0; margin-left: 0; margin-right: 0;  background-image: url(https:\/\/photos-infographiste.com\/diario\/wp-content\/uploads\/2015\/10\/sail1.jpg); background-size: cover; background-position: 50% 50%; background-attachment: fixed;  padding-top: 25px; padding-bottom:25px; padding-left: 0; padding-right:0; overflow: hidden;\"><div class=\"intense container  \"><ul id='parallax-scene-1336120554' class='parallax-scene-1336120554'>\n<div class=\"box_ordi_right\">\n<h5>Internet \u2013 Cr\u00e9ation &amp; refonte de sites<\/h5>\n<p>Sites vitrines, dynamiques, e-commerce \u2026 <strong>Responsive web design<\/strong> (site web adaptatif) \u2013 Ensemble, nous construisons votre site afin de refl\u00e9ter au mieux votre univers, l\u2019image de votre entreprise et de vous d\u00e9marquer ainsi de vos concurrents.\n<\/div>\n<div class=\"box_mobi\">Cr\u00e9ation de sites internet<\/div>\n<\/ul><script>\r\n                    jQuery(function($) {\r\n                        $(document).ready(function() {\r\n                            $('#parallax-scene-1336120554').parallax();\r\n                        });\r\n                    });\r\n                <\/script><\/div><div style=\"position: absolute;  top: 0;left: 0;z-index: -1;right: 0;bottom: 0;\"><\/div><div class=\"advance-button\"><a id='btn_1059782164' href='#content-section-advance-1565181187' target='_self'  class='intense  btn btn-lg '><i class=\"intense icon icon-0x\" style=\"\"><svg><use xlink:href=\"#font-awesome-chevron-down\" class=\" filled\" style=\"fill: #444;\"><\/use><\/svg><\/i> Lire la suite<\/a><script>jQuery(document).ready(function() { jQuery('#btn_1059782164').smoothScroll({ speed: 1200 }); });<\/script><\/div><\/section><div id=\"content-section-advance-1565181187\" style=\"height: 0px;\"><\/div>\n<section id=\"parallax-section-823623455\" class=\"intense content-section parallax breakout full-height\" data-anchor-target='#parallax-section-823623455' data-bottom-top='background-position: 0px 40px;' data--1000-top='background-position: 0px -80px;' data-speed=\"2\" style=\"  margin-bottom: 0; margin-top: 0; margin-left: 0; margin-right: 0;  background-image: url(https:\/\/photos-infographiste.com\/diario\/wp-content\/uploads\/2015\/10\/sail1_descendu.jpg); background-size: cover; background-position: 50% 50%; background-attachment: fixed;  padding-top: 25px; padding-bottom:25px; padding-left: 0; padding-right:0; overflow: hidden;\"><div class=\"intense container  \"><ul id='parallax-scene-293883579' class='parallax-scene-293883579'>\n<div id=\"internet-contenu\"\/>\n<h6>Analyse &#8211; Conseil<\/h6>\n<p class=\"\">Je suis \u00e0 votre \u00e9coute, je vous conseille tout au long de votre projet. Nous d\u00e9finissons une arborescence adapt\u00e9e afin de r\u00e9partir intelligemment vos contenus sur votre site tout en respectant les contraintes ergonomiques li\u00e9es au web.<\/p>\n<h6>Cr\u00e9ation graphique<\/h6>\n<p class=\"\">Je vous propose plusieurs pistes graphiques par le biais de maquettes consultables en ligne. Nous les affinons ensemble pour d\u00e9cider de l\u2019aspect graphique d\u00e9finitif de votre site.<strong> Celui-ci est visualisable sur tous supports&nbsp;: ordinateurs, tablettes, portables. <\/strong>Sur votre demande, je peux r\u00e9aliser les prises de vue de vos produits et de votre entreprise.<\/p>\n<h6>Int\u00e9gration, langage.<\/h6>\n<p class=\"\">Int\u00e9gration des pages en html5\/CSS3. D\u00e9veloppement et programmation pour une boutique en ligne ou un CMS (syst\u00e8me de gestion de contenu). D\u00e9finition des mots-cl\u00e9s ins\u00e9r\u00e9s dans votre site, indispensables pour le r\u00e9f\u00e9rencement.<\/p>\n<h6>H\u00e9bergement, r\u00e9f\u00e9rencement<\/h6>\n<p>Optimisation de votre r\u00e9f\u00e9rencement. J&#8217;interviens durant la cr\u00e9ation de votre site en mettant en place un r\u00e9f\u00e9rencement naturel, augmentant ainsi sa visibilit\u00e9 sur les moteurs de recherche. Sur votre demande : je peux d\u00e9velopper une strat\u00e9gie de r\u00e9f\u00e9rencement plus pouss\u00e9e et\/ou je choisis l\u2019h\u00e9bergeur, pour garantir un taux optimal de disponibilit\u00e9 de votre site.<\/p>\n<p><a href=\"http:\/\/photos-infographiste.com\/prestations-graphiques\/sites-internet-brest.html\" title=\"cr\u00e9ation de sites internet, tout savoir\">Vous d\u00e9sirez en savoir plus ?<\/a><\/p>\n<p>&nbsp;<\/p>\n<\/ul><script>\r\n                    jQuery(function($) {\r\n                        $(document).ready(function() {\r\n                            $('#parallax-scene-293883579').parallax();\r\n                        });\r\n                    });\r\n                <\/script><\/div><div style=\"position: absolute;  top: 0;left: 0;z-index: -1;right: 0;bottom: 0;\"><\/div><div class=\"advance-button\"><a id='btn_1216131783' href='#content-section-advance-238408640' target='_self'  class='intense  btn btn-lg '><i class=\"intense icon icon-0x\" style=\"\"><svg><use xlink:href=\"#font-awesome-chevron-down\" class=\" filled\" style=\"fill: #fff;\"><\/use><\/svg><\/i> Communication imprim\u00e9e<\/a><script>jQuery(document).ready(function() { jQuery('#btn_1216131783').smoothScroll({ speed: 1200 }); });<\/script><\/div><\/section><div id=\"content-section-advance-238408640\" style=\"height: 0px;\"><\/div>\n<div id=\"print\"\/>\n<section id=\"parallax-section-1572164090\" class=\"intense content-section parallax breakout\" data-anchor-target='#parallax-section-1572164090' data-bottom-top='background-position: 0px 40px;' data--1000-top='background-position: 0px -80px;' data-speed=\"2\" style=\"height:550px;   margin-bottom: 0; margin-top: 0; margin-left: 0; margin-right: 0;  background-image: url(https:\/\/photos-infographiste.com\/diario\/wp-content\/uploads\/2015\/10\/print_1400-684_4.jpg); background-size: cover; background-position: 50% 50%; background-attachment: fixed;  padding-top: 25px; padding-bottom:25px; padding-left: 0; padding-right:0; overflow: hidden;\"><div class=\"intense container  \"><ul id='parallax-scene-1046917733' class='parallax-scene-1046917733'>\n<div class=\"box_ordi_right\">\n<h5>Le print<\/h5>\n<p>Je con\u00e7ois et r\u00e9alise vos documents commerciaux avec originalit\u00e9, dans le respect de l&#8217;identit\u00e9 visuelle d\u00e9finie dans votre charte graphique.<\/a>\n<\/div>\n<div class=\"box_mobi\">Le Print<\/div>\n<\/ul><script>\r\n                    jQuery(function($) {\r\n                        $(document).ready(function() {\r\n                            $('#parallax-scene-1046917733').parallax();\r\n                        });\r\n                    });\r\n                <\/script><\/div><div style=\"position: absolute;  top: 0;left: 0;z-index: -1;right: 0;bottom: 0;\"><\/div><div class=\"advance-button\"><a id='btn_639723362' href='#content-section-advance-1560961183' target='_self'  class='intense  btn btn-lg '><i class=\"intense icon icon-0x\" style=\"\"><svg><use xlink:href=\"#font-awesome-chevron-down\" class=\" filled\" style=\"fill: #444;\"><\/use><\/svg><\/i> Lire la suite<\/a><script>jQuery(document).ready(function() { jQuery('#btn_639723362').smoothScroll({ speed: 1200 }); });<\/script><\/div><\/section><div id=\"content-section-advance-1560961183\" style=\"height: 0px;\"><\/div>\n<section id=\"parallax-section-2135774807\" class=\"intense content-section parallax breakout full-height\" data-anchor-target='#parallax-section-2135774807' data-bottom-top='background-position: 0px 40px;' data--1000-top='background-position: 0px -80px;' data-speed=\"2\" style=\"  margin-bottom: 0; margin-top: 0; margin-left: 0; margin-right: 0;  background-image: url(https:\/\/photos-infographiste.com\/diario\/wp-content\/uploads\/2015\/10\/print_1400-684_4_descendu.jpg); background-size: cover; background-position: 50% 50%; background-attachment: fixed;  padding-top: 25px; padding-bottom:25px; padding-left: 0; padding-right:0; overflow: hidden;\"><div class=\"intense container  \"><ul id='parallax-scene-961336896' class='parallax-scene-961336896'>\n<div id=\"print-contenu\"\/>\n<h6>Support imprim\u00e9<\/h6>\n<ul>\n<li>Cr\u00e9ation de votre identit\u00e9 visuelle : <a href=\"https:\/\/photos-infographiste.com\/diario\/?p=731\" title=\"charte graphique, cr\u00e9ation et refontes de logos, papeterie\" target=_blank\">charte graphique et logo<\/a>.<\/li>\n<li>Cartes de visite et commerciales.<\/li>\n<li>T\u00eates de lettre (papeterie), documents commerciaux.<\/li>\n<li>Flyers, leaflets, plaquettes commerciales et institutionnelles.<\/li>\n<li>Brochures, presse d\u2019entreprise, <\/li>\n<li>Chemises \u00e0 rabats, annonces presse, affiches, etc.<\/li>\n<li>Marquage textile, automobile, etc.<\/li>\n<\/ul>\n<p>Choix de l&#8217;imprimeur, du papier le mieux adapt\u00e9 au support, suivi et livraison gratuite en vos bureaux. <\/p>\n<p><b>Un surcroit d&#8217;activit\u00e9 :<\/b> j&#8217;assure des prestations de sous-traitance : travail soign\u00e9, d\u00e9lais respect\u00e9s.<\/p>\n<p><a href=\"https:\/\/photos-infographiste.com\/?p=2107\" target=\"_blank\" title=\"exemples de cr\u00e9ation \/ travaux sur supports imprim\u00e9s\" rel=\"noopener\">Exemples de travaux Print<\/a><\/p>\n<p><a href=\"http:\/\/photos-infographiste.com\/prestations-graphiques\/support-de-communication-print-brest.html\" title=\"cr\u00e9ation de supports de communication, tout savoir\" target=\"_blank\" rel=\"noopener\">Vous d\u00e9sirez en savoir plus ?<\/a><\/p>\n<p>&nbsp;<\/p>\n<\/ul><script>\r\n                    jQuery(function($) {\r\n                        $(document).ready(function() {\r\n                            $('#parallax-scene-961336896').parallax();\r\n                        });\r\n                    });\r\n                <\/script><\/div><div style=\"position: absolute;  top: 0;left: 0;z-index: -1;right: 0;bottom: 0;\"><\/div><div class=\"advance-button\"><a id='btn_1876812366' href='#content-section-advance-678388712' target='_self'  class='intense  btn btn-lg '><i class=\"intense icon icon-0x\" style=\"\"><svg><use xlink:href=\"#font-awesome-chevron-down\" class=\" filled\" style=\"fill: #fff;\"><\/use><\/svg><\/i> Photographie<\/a><script>jQuery(document).ready(function() { jQuery('#btn_1876812366').smoothScroll({ speed: 1200 }); });<\/script><\/div><\/section><div id=\"content-section-advance-678388712\" style=\"height: 0px;\"><\/div>\n<div id=\"photos\"\/>\n<section id=\"parallax-section-814459971\" class=\"intense content-section parallax breakout\" data-anchor-target='#parallax-section-814459971' data-bottom-top='background-position: 0px 40px;' data--1000-top='background-position: 0px -80px;' data-speed=\"2\" style=\"height:550px;   margin-bottom: 0; margin-top: 0; margin-left: 0; margin-right: 0;  background-image: url(https:\/\/photos-infographiste.com\/diario\/wp-content\/uploads\/2015\/10\/photo01_1400_684.jpg); background-size: cover; background-position: 50% 50%; background-attachment: fixed;  padding-top: 25px; padding-bottom:25px; padding-left: 0; padding-right:0; overflow: hidden;\"><div class=\"intense container  \"><ul id='parallax-scene-1116418241' class='parallax-scene-1116418241'>\n<div class=\"box_ordi_right\">\n<h5>Photographies<\/h5>\n<p>Prises de vue, retouche chromie &#038; photogravure, restauration de photos anciennes\u2026\n<\/p><\/div>\n<div class=\"box_mobi\">Photographie<\/div>\n<\/ul><script>\r\n                    jQuery(function($) {\r\n                        $(document).ready(function() {\r\n                            $('#parallax-scene-1116418241').parallax();\r\n                        });\r\n                    });\r\n                <\/script><\/div><div style=\"position: absolute;  top: 0;left: 0;z-index: -1;right: 0;bottom: 0;\"><\/div><div class=\"advance-button\"><a id='btn_1051093990' href='#content-section-advance-1910676118' target='_self'  class='intense  btn btn-lg '><i class=\"intense icon icon-0x\" style=\"\"><svg><use xlink:href=\"#font-awesome-chevron-down\" class=\" filled\" style=\"fill: #444;\"><\/use><\/svg><\/i> Lire la suite<\/a><script>jQuery(document).ready(function() { jQuery('#btn_1051093990').smoothScroll({ speed: 1200 }); });<\/script><\/div><\/section><div id=\"content-section-advance-1910676118\" style=\"height: 0px;\"><\/div>\n<section id=\"parallax-section-1587386393\" class=\"intense content-section parallax breakout full-height\" data-anchor-target='#parallax-section-1587386393' data-bottom-top='background-position: 0px 40px;' data--1000-top='background-position: 0px -80px;' data-speed=\"2\" style=\"  margin-bottom: 0; margin-top: 0; margin-left: 0; margin-right: 0;  background-image: url(https:\/\/photos-infographiste.com\/diario\/wp-content\/uploads\/2015\/10\/photo01_1400_684_descendu1.jpg); background-size: cover; background-position: 50% 50%; background-attachment: fixed;  padding-top: 25px; padding-bottom:25px; padding-left: 0; padding-right:0; overflow: hidden;\"><div class=\"intense container  \"><ul id='parallax-scene-1632640426' class='parallax-scene-1632640426'>\n<div id=\"photos-contenu\"\/>\n<h6>Prises de vue<\/h6>\n<p>De votre entreprise, de vos produits : enrichissement de votre fond photographique dans l&#8217;optique d&#8217;illustrer votre site internet, de renforcer votre communication ; d\u2019\u00e9v\u00e9nements familiaux ; de portraits, etc.<\/p>\n<h6>Retouche &#8211; chromie &#8211; photogravure<\/h6>\n<p><img src=\"http:\/\/photos-infographiste.com\/diario\/wp-content\/uploads\/2015\/05\/restauration-photo_200_277.jpg\" style=\"margin:1% 3% 3% 0;float:left;\" alt=\"Restauration de photos anciennes\" title=\"Restauration de photos anciennes\"width=\"144\" height=\"129\" class=\"\" \/><\/p>\n<p>Retouche, chromie, montages complexes en haute d\u00e9finition, ajout de mati\u00e8res. Restauration et num\u00e9risation de photos. G\u00e9n\u00e9ration de pdf certifi\u00e9s pour envoi gravure. Pr\u00e9paration de visuels, d\u2019illustrations pour impression (par exemple, fabrication de films pour la s\u00e9rigraphie), s\u00e9paration des couleurs\u2026 Suivi des travaux aupr\u00e8s des imprimeurs.<\/p>\n<p><a href=\"https:\/\/photos-infographiste.com\/?p=1797\" title=\"exemples de cr\u00e9ation \/ retouche et photogravure dans la presse magazine et en agence de communication\" target=\"_blank\" rel=\"noopener\">Exemples de travaux de photogravure<\/a><\/p>\n<h6>Num\u00e9risation<\/h6>\n<p>Retrouvez vos anciennes photos : num\u00e9risation de n\u00e9gatifs et de diapositives (format 24&#215;36) sur scanner haute r\u00e9solution Nikon. Bruts de scan (num\u00e9risation brute sans retouche) ou nettoyage des &#8220;p\u00e9touilles&#8221; et restauration des couleurs.<\/p>\n<p><a href=\"http:\/\/photos-infographiste.com\/prestations-graphiques\/photographies-brest.html\" title=\"prises de vue et retouche photographique, tout savoir\" target=\"_blank\" rel=\"noopener\">Vous d\u00e9sirez en savoir plus ?<\/a><\/p>\n<p>&nbsp;<\/p>\n<\/ul><script>\r\n                    jQuery(function($) {\r\n                        $(document).ready(function() {\r\n                            $('#parallax-scene-1632640426').parallax();\r\n                        });\r\n                    });\r\n                <\/script><\/div><div style=\"position: absolute;  top: 0;left: 0;z-index: -1;right: 0;bottom: 0;\"><\/div><div class=\"advance-button\"><a id='btn_713102862' href='#prestations-graphiques' target='_self'  class='intense  btn btn-lg '><i class=\"intense icon icon-0x\" style=\"\"><svg><use xlink:href=\"#font-awesome-cloud\" class=\" filled\" style=\"fill: #fff;\"><\/use><\/svg><\/i> Haut<\/a><script>jQuery(document).ready(function() { jQuery('#btn_713102862').smoothScroll({ speed: 1200 }); });<\/script><\/div><\/section>\n<\/p><\/div>\n","protected":false},"excerpt":{"rendered":"","protected":false},"author":1,"featured_media":0,"parent":0,"menu_order":0,"comment_status":"closed","ping_status":"closed","template":"graphisme_voilier.php","meta":[],"_links":{"self":[{"href":"https:\/\/photos-infographiste.com\/diario\/wp-json\/wp\/v2\/pages\/1982"}],"collection":[{"href":"https:\/\/photos-infographiste.com\/diario\/wp-json\/wp\/v2\/pages"}],"about":[{"href":"https:\/\/photos-infographiste.com\/diario\/wp-json\/wp\/v2\/types\/page"}],"author":[{"embeddable":true,"href":"https:\/\/photos-infographiste.com\/diario\/wp-json\/wp\/v2\/users\/1"}],"replies":[{"embeddable":true,"href":"https:\/\/photos-infographiste.com\/diario\/wp-json\/wp\/v2\/comments?post=1982"}],"version-history":[{"count":65,"href":"https:\/\/photos-infographiste.com\/diario\/wp-json\/wp\/v2\/pages\/1982\/revisions"}],"predecessor-version":[{"id":4974,"href":"https:\/\/photos-infographiste.com\/diario\/wp-json\/wp\/v2\/pages\/1982\/revisions\/4974"}],"wp:attachment":[{"href":"https:\/\/photos-infographiste.com\/diario\/wp-json\/wp\/v2\/media?parent=1982"}],"curies":[{"name":"wp","href":"https:\/\/api.w.org\/{rel}","templated":true}]}}