{"id":1616,"date":"2023-04-24T13:30:40","date_gmt":"2023-04-24T11:30:40","guid":{"rendered":"https:\/\/photos-infographiste.com\/wepcli\/?page_id=1616"},"modified":"2023-05-11T11:33:49","modified_gmt":"2023-05-11T09:33:49","slug":"assistance-evenementielle","status":"publish","type":"page","link":"https:\/\/photos-infographiste.com\/wepcli\/assistance-evenementielle\/","title":{"rendered":"Assistance \u00e9v\u00e9nementielle"},"content":{"rendered":"<div id=\"eve\"><\/div>\n<ul>\n<li>Pr\u00e9parer et g\u00e9rer vos \u00e9v\u00e9nements professionnels<\/li>\n<li>Contacter vos interlocuteurs et organiser vos d\u00e9placements<\/li>\n<li>\u00c9tudier vos veilles documentaires et ajuster vos d\u00e9marches.<\/li>\n<\/ul>\n","protected":false},"excerpt":{"rendered":"<p>Pr\u00e9parer et g\u00e9rer vos \u00e9v\u00e9nements professionnels Contacter vos interlocuteurs et organiser vos d\u00e9placements \u00c9tudier vos veilles documentaires et ajuster vos d\u00e9marches.<\/p>\n","protected":false},"author":1,"featured_media":1728,"parent":0,"menu_order":0,"comment_status":"closed","ping_status":"closed","template":"template-fullwidth-stretched.php","meta":[],"aioseo_notices":[],"_links":{"self":[{"href":"https:\/\/photos-infographiste.com\/wepcli\/wp-json\/wp\/v2\/pages\/1616"}],"collection":[{"href":"https:\/\/photos-infographiste.com\/wepcli\/wp-json\/wp\/v2\/pages"}],"about":[{"href":"https:\/\/photos-infographiste.com\/wepcli\/wp-json\/wp\/v2\/types\/page"}],"author":[{"embeddable":true,"href":"https:\/\/photos-infographiste.com\/wepcli\/wp-json\/wp\/v2\/users\/1"}],"replies":[{"embeddable":true,"href":"https:\/\/photos-infographiste.com\/wepcli\/wp-json\/wp\/v2\/comments?post=1616"}],"version-history":[{"count":5,"href":"https:\/\/photos-infographiste.com\/wepcli\/wp-json\/wp\/v2\/pages\/1616\/revisions"}],"predecessor-version":[{"id":1735,"href":"https:\/\/photos-infographiste.com\/wepcli\/wp-json\/wp\/v2\/pages\/1616\/revisions\/1735"}],"wp:featuredmedia":[{"embeddable":true,"href":"https:\/\/photos-infographiste.com\/wepcli\/wp-json\/wp\/v2\/media\/1728"}],"wp:attachment":[{"href":"https:\/\/photos-infographiste.com\/wepcli\/wp-json\/wp\/v2\/media?parent=1616"}],"curies":[{"name":"wp","href":"https:\/\/api.w.org\/{rel}","templated":true}]}}