{"id":1709,"date":"2023-04-27T13:27:40","date_gmt":"2023-04-27T11:27:40","guid":{"rendered":"https:\/\/photos-infographiste.com\/wepcli\/?page_id=1709"},"modified":"2023-04-27T13:37:44","modified_gmt":"2023-04-27T11:37:44","slug":"mentions-legales","status":"publish","type":"page","link":"https:\/\/photos-infographiste.com\/wepcli\/mentions-legales\/","title":{"rendered":"Mentions l\u00e9gales"},"content":{"rendered":"<h5>Nadine Hellegouarch &#8211; nh-desk.fr<\/h5>\n<p>Les informations recueillies font l\u2019objet d\u2019un traitement informatique destin\u00e9 \u00e0 mon activit\u00e9 professionnelle. Les destinataires des donn\u00e9es sont Nadine Hellegouarch &#8211; nh-desk.fr. Conform\u00e9ment \u00e0 la loi \u00ab informatique et libert\u00e9s \u00bb du 6 janvier 1978 modifi\u00e9e en 2004, vous b\u00e9n\u00e9ficiez d\u2019un droit d\u2019acc\u00e8s et de rectification aux informations qui vous concernent, que vous pouvez exercer en vous adressant \u00e0 Nadine Hellegouarch par le biais du formulaire de contact. Vous pouvez \u00e9galement, pour des motifs l\u00e9gitimes, vous opposer au traitement des donn\u00e9es vous concernant.<br \/>\nLe site internet : htps::\/\/nh-desk.fr est une \u0153uvre de l&#8217;esprit prot\u00e9g\u00e9e par la Loi fran\u00e7aise sur la Propri\u00e9t\u00e9 Intellectuelle. Le site et chacun des \u00e9l\u00e9ments qui le composent sont la propri\u00e9t\u00e9 exclusive de Nadine Hellegouarch et de ses ayant-droits.<br \/>\nToute reproduction, repr\u00e9sentation, alt\u00e9ration, int\u00e9grale ou partielle, m\u00eame gratuite du site ou de l&#8217;un quelconque des \u00e9l\u00e9ments qui le composent, est interdite, \u00e0 moins d&#8217;une autorisation \u00e9crite et pr\u00e9alable de nh-desk.fr.<br \/>\nnh-desk.fr d\u00e9cline toute responsabilit\u00e9 concernant le contenu de sites li\u00e9s au site de nh-desk.fr, de quelque mani\u00e8re que ce soit, y compris au moyen d&#8217;hyperliens. nh-desk.fr est seul destinataire des informations collect\u00e9es sur ce site.<br \/>\nnh-desk.fr a fait tout son possible pour s&#8217;assurer que les informations accessibles par l&#8217;interm\u00e9diaire de son site sont exactes. Cependant, nh-desk.fr ne garantit en aucune mani\u00e8re que ces informations sont exactes, compl\u00e8tes et \u00e0 jour. nh-desk.fr n&#8217;assure aucune garantie, expresse ou tacite, concernant tout ou partie de son site.<br \/>\nConform\u00e9ment \u00e0 la loi, vous disposez d&#8217;un droit d&#8217;acc\u00e8s et de modification des donn\u00e9es personnelles vous concernant en vous adressant au Webmestre.<br \/>\nEn aucun cas, nh-desk.fr ne peut \u00eatre tenu pour responsable d&#8217;un quelconque dommage direct ou indirect, et quelle qu&#8217;en soit la nature, d\u00e9coulant de l&#8217;utilisation de son site Internet.<\/p>\n<p><a title=\"Page pr\u00e9c\u00e9dente\" href=\"javascript:history.back()\">&#8592; Page pr\u00e9c\u00e9dente<\/a> <em>ou<\/em> <a href=\"javascript:window.close();\">fermer la fen\u00eatre x <\/a><\/p>\n","protected":false},"excerpt":{"rendered":"<p>Nadine Hellegouarch &#8211; nh-desk.fr Les informations recueillies font l\u2019objet d\u2019un traitement informatique destin\u00e9 \u00e0 mon activit\u00e9 professionnelle. Les destinataires des donn\u00e9es sont Nadine Hellegouarch &#8211; nh-desk.fr. Conform\u00e9ment \u00e0 la loi &#8230;<\/p>\n","protected":false},"author":1,"featured_media":1571,"parent":0,"menu_order":0,"comment_status":"closed","ping_status":"closed","template":"template-fullwidth.php","meta":[],"aioseo_notices":[],"_links":{"self":[{"href":"https:\/\/photos-infographiste.com\/wepcli\/wp-json\/wp\/v2\/pages\/1709"}],"collection":[{"href":"https:\/\/photos-infographiste.com\/wepcli\/wp-json\/wp\/v2\/pages"}],"about":[{"href":"https:\/\/photos-infographiste.com\/wepcli\/wp-json\/wp\/v2\/types\/page"}],"author":[{"embeddable":true,"href":"https:\/\/photos-infographiste.com\/wepcli\/wp-json\/wp\/v2\/users\/1"}],"replies":[{"embeddable":true,"href":"https:\/\/photos-infographiste.com\/wepcli\/wp-json\/wp\/v2\/comments?post=1709"}],"version-history":[{"count":7,"href":"https:\/\/photos-infographiste.com\/wepcli\/wp-json\/wp\/v2\/pages\/1709\/revisions"}],"predecessor-version":[{"id":1716,"href":"https:\/\/photos-infographiste.com\/wepcli\/wp-json\/wp\/v2\/pages\/1709\/revisions\/1716"}],"wp:featuredmedia":[{"embeddable":true,"href":"https:\/\/photos-infographiste.com\/wepcli\/wp-json\/wp\/v2\/media\/1571"}],"wp:attachment":[{"href":"https:\/\/photos-infographiste.com\/wepcli\/wp-json\/wp\/v2\/media?parent=1709"}],"curies":[{"name":"wp","href":"https:\/\/api.w.org\/{rel}","templated":true}]}}