{"id":231,"date":"2022-03-11T08:30:12","date_gmt":"2022-03-11T07:30:12","guid":{"rendered":"https:\/\/photos-infographiste.com\/wepcli\/?page_id=231"},"modified":"2023-04-27T18:11:21","modified_gmt":"2023-04-27T16:11:21","slug":"assistance-comptabilite-et-gestion","status":"publish","type":"page","link":"https:\/\/photos-infographiste.com\/wepcli\/assistance-comptabilite-et-gestion\/","title":{"rendered":"Assistance comptabilit\u00e9 et gestion"},"content":{"rendered":"<div id=\"compta\"><\/div>\n<ul>\n<li>Saisir vos notes de frais.<\/li>\n<li>Enregistrer votre comptabilit\u00e9 et valider vos rapprochements bancaires.<\/li>\n<li>Effectuer et contr\u00f4ler vos bulletins de salaire.<\/li>\n<li>R\u00e9aliser et analyser vos budgets annuels, pr\u00e9visionnels et vos statistiques.<\/li>\n<li>Transmettre vos donn\u00e9es \u00e0 votre expert comptable pour l&#8217;\u00e9dition de votre bilan.<\/li>\n<\/ul>\n","protected":false},"excerpt":{"rendered":"<p>Saisir vos notes de frais. Enregistrer votre comptabilit\u00e9 et valider vos rapprochements bancaires. Effectuer et contr\u00f4ler vos bulletins de salaire. R\u00e9aliser et analyser vos budgets annuels, pr\u00e9visionnels et vos statistiques. &#8230;<\/p>\n","protected":false},"author":1,"featured_media":1727,"parent":0,"menu_order":0,"comment_status":"closed","ping_status":"closed","template":"template-fullwidth.php","meta":[],"aioseo_notices":[],"_links":{"self":[{"href":"https:\/\/photos-infographiste.com\/wepcli\/wp-json\/wp\/v2\/pages\/231"}],"collection":[{"href":"https:\/\/photos-infographiste.com\/wepcli\/wp-json\/wp\/v2\/pages"}],"about":[{"href":"https:\/\/photos-infographiste.com\/wepcli\/wp-json\/wp\/v2\/types\/page"}],"author":[{"embeddable":true,"href":"https:\/\/photos-infographiste.com\/wepcli\/wp-json\/wp\/v2\/users\/1"}],"replies":[{"embeddable":true,"href":"https:\/\/photos-infographiste.com\/wepcli\/wp-json\/wp\/v2\/comments?post=231"}],"version-history":[{"count":38,"href":"https:\/\/photos-infographiste.com\/wepcli\/wp-json\/wp\/v2\/pages\/231\/revisions"}],"predecessor-version":[{"id":1692,"href":"https:\/\/photos-infographiste.com\/wepcli\/wp-json\/wp\/v2\/pages\/231\/revisions\/1692"}],"wp:featuredmedia":[{"embeddable":true,"href":"https:\/\/photos-infographiste.com\/wepcli\/wp-json\/wp\/v2\/media\/1727"}],"wp:attachment":[{"href":"https:\/\/photos-infographiste.com\/wepcli\/wp-json\/wp\/v2\/media?parent=231"}],"curies":[{"name":"wp","href":"https:\/\/api.w.org\/{rel}","templated":true}]}}