{"id":251,"date":"2022-03-11T10:29:55","date_gmt":"2022-03-11T09:29:55","guid":{"rendered":"https:\/\/photos-infographiste.com\/wepcli\/?page_id=251"},"modified":"2023-04-27T18:13:05","modified_gmt":"2023-04-27T16:13:05","slug":"tarifs","status":"publish","type":"page","link":"https:\/\/photos-infographiste.com\/wepcli\/tarifs\/","title":{"rendered":"Tarifs"},"content":{"rendered":"<h3>Tarif horaire<\/h3>\n<ul>\n<li>450&nbsp;\u20ac<\/li>\n<\/ul>\n<h3>Tarifs mensuels<\/h3>\n<p>Les tarifs sont d\u00e9gressifs selon la formule choisie.<\/p>\n<ul>\n<li>Assistance comptabilit\u00e9 et gestion\t&nbsp;: 10&nbsp;heures par mois &#8211; 400&nbsp;\u20ac<\/li>\n<li>Assistance <em>back office<\/em> administration\t&nbsp;: 10&nbsp;heures par mois &#8211; 400&nbsp;\u20ac<\/li>\n<li>Assistance comptabilit\u00e9 et gestion + Assistance <em>back office<\/em> administration&nbsp;: 20&nbsp;heures par mois &#8211; 750&nbsp;\u20ac<\/li>\n<li>Assistance \u00e9v\u00e9nementielle&nbsp;: Sur devis.<\/li>\n<li>Assistance sp\u00e9cifique&nbsp;: j&#8217;\u00e9tudie votre demande et vous r\u00e9ponds dans les meilleurs d\u00e9lais.<\/i>\n<\/ul>\n<p><strong>Prise de contact et devis gratuit<\/strong><\/p>\n","protected":false},"excerpt":{"rendered":"<p>Tarif horaire 450&nbsp;\u20ac Tarifs mensuels Les tarifs sont d\u00e9gressifs selon la formule choisie. Assistance comptabilit\u00e9 et gestion &nbsp;: 10&nbsp;heures par mois &#8211; 400&nbsp;\u20ac Assistance back office administration &nbsp;: 10&nbsp;heures par &#8230;<\/p>\n","protected":false},"author":1,"featured_media":1729,"parent":0,"menu_order":0,"comment_status":"closed","ping_status":"closed","template":"template-fullwidth.php","meta":[],"aioseo_notices":[],"_links":{"self":[{"href":"https:\/\/photos-infographiste.com\/wepcli\/wp-json\/wp\/v2\/pages\/251"}],"collection":[{"href":"https:\/\/photos-infographiste.com\/wepcli\/wp-json\/wp\/v2\/pages"}],"about":[{"href":"https:\/\/photos-infographiste.com\/wepcli\/wp-json\/wp\/v2\/types\/page"}],"author":[{"embeddable":true,"href":"https:\/\/photos-infographiste.com\/wepcli\/wp-json\/wp\/v2\/users\/1"}],"replies":[{"embeddable":true,"href":"https:\/\/photos-infographiste.com\/wepcli\/wp-json\/wp\/v2\/comments?post=251"}],"version-history":[{"count":10,"href":"https:\/\/photos-infographiste.com\/wepcli\/wp-json\/wp\/v2\/pages\/251\/revisions"}],"predecessor-version":[{"id":1635,"href":"https:\/\/photos-infographiste.com\/wepcli\/wp-json\/wp\/v2\/pages\/251\/revisions\/1635"}],"wp:featuredmedia":[{"embeddable":true,"href":"https:\/\/photos-infographiste.com\/wepcli\/wp-json\/wp\/v2\/media\/1729"}],"wp:attachment":[{"href":"https:\/\/photos-infographiste.com\/wepcli\/wp-json\/wp\/v2\/media?parent=251"}],"curies":[{"name":"wp","href":"https:\/\/api.w.org\/{rel}","templated":true}]}}