{"id":256,"date":"2022-03-11T10:42:25","date_gmt":"2022-03-11T09:42:25","guid":{"rendered":"https:\/\/photos-infographiste.com\/wepcli\/?page_id=256"},"modified":"2023-04-27T18:10:40","modified_gmt":"2023-04-27T16:10:40","slug":"assistance-back-office-administration","status":"publish","type":"page","link":"https:\/\/photos-infographiste.com\/wepcli\/assistance-back-office-administration\/","title":{"rendered":"Assistance Back Office &#8211; administration"},"content":{"rendered":"<div id=\"back\"><\/div>\n<ul>\n<li>Ex\u00e9cuter les traitements de vos dossiers divers et vari\u00e9s.<\/li>\n<li>Saisir les comptes rendus de vos r\u00e9unions ou de vos assembl\u00e9es g\u00e9n\u00e9rales.<\/li>\n<p><\/p>\n<li>R\u00e9aliser la synth\u00e8se de vos documents.<\/li>\n<p><\/p>\n<li>Coordonner vos recrutements et vos entretiens d&#8217;embauche.<\/li>\n<p><\/p>\n<li>Analyser vos potentiels et \u00e9clairer les candidatures de vos postulants.<\/li>\n<p><\/p>\n<li>Planifier et enregistrer en ligne vos futurs employ\u00e9s.<\/li>\n<\/ul>\n","protected":false},"excerpt":{"rendered":"<p>Ex\u00e9cuter les traitements de vos dossiers divers et vari\u00e9s. Saisir les comptes rendus de vos r\u00e9unions ou de vos assembl\u00e9es g\u00e9n\u00e9rales. R\u00e9aliser la synth\u00e8se de vos documents. Coordonner vos recrutements &#8230;<\/p>\n","protected":false},"author":1,"featured_media":1726,"parent":0,"menu_order":0,"comment_status":"closed","ping_status":"closed","template":"template-fullwidth.php","meta":[],"aioseo_notices":[],"_links":{"self":[{"href":"https:\/\/photos-infographiste.com\/wepcli\/wp-json\/wp\/v2\/pages\/256"}],"collection":[{"href":"https:\/\/photos-infographiste.com\/wepcli\/wp-json\/wp\/v2\/pages"}],"about":[{"href":"https:\/\/photos-infographiste.com\/wepcli\/wp-json\/wp\/v2\/types\/page"}],"author":[{"embeddable":true,"href":"https:\/\/photos-infographiste.com\/wepcli\/wp-json\/wp\/v2\/users\/1"}],"replies":[{"embeddable":true,"href":"https:\/\/photos-infographiste.com\/wepcli\/wp-json\/wp\/v2\/comments?post=256"}],"version-history":[{"count":14,"href":"https:\/\/photos-infographiste.com\/wepcli\/wp-json\/wp\/v2\/pages\/256\/revisions"}],"predecessor-version":[{"id":1691,"href":"https:\/\/photos-infographiste.com\/wepcli\/wp-json\/wp\/v2\/pages\/256\/revisions\/1691"}],"wp:featuredmedia":[{"embeddable":true,"href":"https:\/\/photos-infographiste.com\/wepcli\/wp-json\/wp\/v2\/media\/1726"}],"wp:attachment":[{"href":"https:\/\/photos-infographiste.com\/wepcli\/wp-json\/wp\/v2\/media?parent=256"}],"curies":[{"name":"wp","href":"https:\/\/api.w.org\/{rel}","templated":true}]}}